{"id":9,"date":"2023-02-16T21:02:19","date_gmt":"2023-02-16T21:02:19","guid":{"rendered":"http:\/\/wp.tsv-braunsbach.de\/?page_id=9"},"modified":"2026-02-09T14:04:58","modified_gmt":"2026-02-09T14:04:58","slug":"startseite","status":"publish","type":"page","link":"https:\/\/tsv-braunsbach.de\/","title":{"rendered":"Startseite"},"content":{"rendered":"\n<p>Herzlich Willkommen auf der Webseite des TSV Braunsbach. <\/p>\n\n\n\n<p>Wir freuen uns, dass wir die Angebote, Neuigkeiten und allgemeine Informationen zu unserem Verein vorstellen k\u00f6nnen.<\/p>\n\n\n\n<p>Der TSV Braunsbach ist mit ca. 1.000 Mitgliedern einer der gr\u00f6ssten Sportvereine im Landkreis Schw\u00e4bisch Hall. Besonders herauszuheben ist die Vielfalt der sportlichen Angebote sowie die moderne Infrastruktur in unserem Sportpark.<\/p>\n\n\n\n<hr class=\"wp-block-separator has-alpha-channel-opacity\"\/>\n\n\n\n<h2 class=\"wp-block-heading\">Neuigkeiten beim TSV<\/h2>\n\n\n\n<div class=\"wp-block-query alignwide is-layout-flow wp-block-query-is-layout-flow\"><ul class=\"wp-block-post-template is-layout-flow wp-block-post-template-is-layout-flow\"><li class=\"wp-block-post post-1224 post type-post status-publish format-standard hentry category-uncategorized\">\n\n<div class=\"wp-block-group\" style=\"padding-top:30px;padding-right:30px;padding-bottom:30px;padding-left:30px\"><div class=\"wp-block-group__inner-container is-layout-flow wp-block-group-is-layout-flow\"><h2 class=\"wp-block-post-title\"><a href=\"https:\/\/tsv-braunsbach.de\/?p=1224\" target=\"_self\" >TSV mit Heimsieg gegen Gailenkirchen<\/a><\/h2>\n\n<div class=\"wp-block-post-excerpt\"><p class=\"wp-block-post-excerpt__excerpt\">TSV Braunsbach \u2013 SV Gailenkirchen 3:0 (3:0) Nach der deutlichen Derbyniederlage in der Vorwoche zeigte sich der TSV Braunsbach im Heimspiel gegen den SV Gailenkirchen&hellip; <\/p><\/div>\n\n<div class=\"wp-block-post-date\"><time datetime=\"2026-05-04T05:45:42+00:00\">4. Mai 2026<\/time><\/div><\/div><\/div>\n\n<\/li><li class=\"wp-block-post post-1220 post type-post status-publish format-standard hentry category-uncategorized\">\n\n<div class=\"wp-block-group\" style=\"padding-top:30px;padding-right:30px;padding-bottom:30px;padding-left:30px\"><div class=\"wp-block-group__inner-container is-layout-flow wp-block-group-is-layout-flow\"><h2 class=\"wp-block-post-title\"><a href=\"https:\/\/tsv-braunsbach.de\/?p=1220\" target=\"_self\" >Desolate Leistung f\u00fchrt zu hoher Derbyniederlage<\/a><\/h2>\n\n<div class=\"wp-block-post-excerpt\"><p class=\"wp-block-post-excerpt__excerpt\">TURA Unterm\u00fcnkheim II \u2013 TSV Braunsbach 7:1 (6:0) Nachdem der TSV das Hinspiel trotz deutlicher \u00dcberlegenheit ungl\u00fccklich verloren hatte, wollte man im Ausw\u00e4rtsspiel \u2013 trotz&hellip; <\/p><\/div>\n\n<div class=\"wp-block-post-date\"><time datetime=\"2026-04-26T17:45:10+00:00\">26. April 2026<\/time><\/div><\/div><\/div>\n\n<\/li><li class=\"wp-block-post post-1216 post type-post status-publish format-standard hentry category-uncategorized\">\n\n<div class=\"wp-block-group\" style=\"padding-top:30px;padding-right:30px;padding-bottom:30px;padding-left:30px\"><div class=\"wp-block-group__inner-container is-layout-flow wp-block-group-is-layout-flow\"><h2 class=\"wp-block-post-title\"><a href=\"https:\/\/tsv-braunsbach.de\/?p=1216\" target=\"_self\" >TSV feiert Heimsieg<\/a><\/h2>\n\n<div class=\"wp-block-post-excerpt\"><p class=\"wp-block-post-excerpt__excerpt\">TSV Braunsbach &#8211; TSV Michelfeld II 2:1 (2:1) Der TSV kam gut in die Partie und konnte, wie in der Vorwoche, die F\u00fchrung nach eine&hellip; <\/p><\/div>\n\n<div class=\"wp-block-post-date\"><time datetime=\"2026-04-20T10:04:52+00:00\">20. April 2026<\/time><\/div><\/div><\/div>\n\n<\/li><li class=\"wp-block-post post-1208 post type-post status-publish format-standard hentry category-uncategorized\">\n\n<div class=\"wp-block-group\" style=\"padding-top:30px;padding-right:30px;padding-bottom:30px;padding-left:30px\"><div class=\"wp-block-group__inner-container is-layout-flow wp-block-group-is-layout-flow\"><h2 class=\"wp-block-post-title\"><a href=\"https:\/\/tsv-braunsbach.de\/?p=1208\" target=\"_self\" >TSV verliert in B\u00fchlerzell<\/a><\/h2>\n\n<div class=\"wp-block-post-excerpt\"><p class=\"wp-block-post-excerpt__excerpt\">Spfr. B\u00fchlerzell II \u2013 TSV Braunsbach 3:1 (1:1)Der TSV erwischte gegen die B\u00fchlert\u00e4ler einen hervorragenden Start und \u00fcbernahm sofort die Kontrolle \u00fcber die Partie. Bereits&hellip; <\/p><\/div>\n\n<div class=\"wp-block-post-date\"><time datetime=\"2026-04-12T19:29:31+00:00\">12. April 2026<\/time><\/div><\/div><\/div>\n\n<\/li><li class=\"wp-block-post post-1203 post type-post status-publish format-standard hentry category-uncategorized\">\n\n<div class=\"wp-block-group\" style=\"padding-top:30px;padding-right:30px;padding-bottom:30px;padding-left:30px\"><div class=\"wp-block-group__inner-container is-layout-flow wp-block-group-is-layout-flow\"><h2 class=\"wp-block-post-title\"><a href=\"https:\/\/tsv-braunsbach.de\/?p=1203\" target=\"_self\" >Der TSV mit Heimniederlagen<\/a><\/h2>\n\n<div class=\"wp-block-post-excerpt\"><p class=\"wp-block-post-excerpt__excerpt\">TSV Braunsbach \u2013 SV T\u00fcngental 1:5 (0:2)Nach dem 1:0\u2011Hinspielerfolg des TSV wollten die favorisierten G\u00e4ste aus T\u00fcngental im R\u00fcckspiel Revanche nehmen \u2013 und das zeigte&hellip; <\/p><\/div>\n\n<div class=\"wp-block-post-date\"><time datetime=\"2026-03-30T18:29:47+00:00\">30. M\u00e4rz 2026<\/time><\/div><\/div><\/div>\n\n<\/li><li class=\"wp-block-post post-1187 post type-post status-publish format-standard hentry category-uncategorized\">\n\n<div class=\"wp-block-group\" style=\"padding-top:30px;padding-right:30px;padding-bottom:30px;padding-left:30px\"><div class=\"wp-block-group__inner-container is-layout-flow wp-block-group-is-layout-flow\"><h2 class=\"wp-block-post-title\"><a href=\"https:\/\/tsv-braunsbach.de\/?p=1187\" target=\"_self\" >Bericht von der TSV Hauptversammlung<\/a><\/h2>\n\n<div class=\"wp-block-post-excerpt\"><p class=\"wp-block-post-excerpt__excerpt\">Bericht Jahreshauptversammlung 2026 Am Freitag 20.03.2026 fand die Jahreshauptversammlung f\u00fcr das Sportjahr 2025 im TSV Vereinsheim statt. Nach der Begr\u00fc\u00dfung und dem Totengedenken folgten die&hellip; <\/p><\/div>\n\n<div class=\"wp-block-post-date\"><time datetime=\"2026-03-24T09:23:08+00:00\">24. M\u00e4rz 2026<\/time><\/div><\/div><\/div>\n\n<\/li><\/ul><\/div>\n","protected":false},"excerpt":{"rendered":"<p>Herzlich Willkommen auf der Webseite des TSV Braunsbach. Wir freuen uns, dass wir die Angebote, Neuigkeiten und allgemeine Informationen zu unserem Verein vorstellen k\u00f6nnen. Der&hellip;<\/p>\n","protected":false},"author":1,"featured_media":0,"parent":0,"menu_order":0,"comment_status":"closed","ping_status":"closed","template":"","meta":{"_seopress_robots_primary_cat":"","_seopress_titles_title":"TSV Braunsbach","_seopress_titles_desc":"TSV Braunsbach, Dein Sportverein im Kochertal. MIt einem breiten Angebot, u.a.  Volleyball, Tennis, Fussball, Kickboxen, Yoga, Step Aerobic, Pilates, und vieles mehr. ","_seopress_robots_index":"","footnotes":""},"class_list":["post-9","page","type-page","status-publish","hentry"],"_links":{"self":[{"href":"https:\/\/tsv-braunsbach.de\/index.php?rest_route=\/wp\/v2\/pages\/9","targetHints":{"allow":["GET"]}}],"collection":[{"href":"https:\/\/tsv-braunsbach.de\/index.php?rest_route=\/wp\/v2\/pages"}],"about":[{"href":"https:\/\/tsv-braunsbach.de\/index.php?rest_route=\/wp\/v2\/types\/page"}],"author":[{"embeddable":true,"href":"https:\/\/tsv-braunsbach.de\/index.php?rest_route=\/wp\/v2\/users\/1"}],"replies":[{"embeddable":true,"href":"https:\/\/tsv-braunsbach.de\/index.php?rest_route=%2Fwp%2Fv2%2Fcomments&post=9"}],"version-history":[{"count":28,"href":"https:\/\/tsv-braunsbach.de\/index.php?rest_route=\/wp\/v2\/pages\/9\/revisions"}],"predecessor-version":[{"id":1166,"href":"https:\/\/tsv-braunsbach.de\/index.php?rest_route=\/wp\/v2\/pages\/9\/revisions\/1166"}],"wp:attachment":[{"href":"https:\/\/tsv-braunsbach.de\/index.php?rest_route=%2Fwp%2Fv2%2Fmedia&parent=9"}],"curies":[{"name":"wp","href":"https:\/\/api.w.org\/{rel}","templated":true}]}}