{"id":89,"date":"2023-02-16T21:18:56","date_gmt":"2023-02-16T21:18:56","guid":{"rendered":"http:\/\/wp.tsv-braunsbach.de\/?page_id=89"},"modified":"2026-01-23T09:30:42","modified_gmt":"2026-01-23T09:30:42","slug":"ballett","status":"publish","type":"page","link":"https:\/\/tsv-braunsbach.de\/?page_id=89","title":{"rendered":"Ballett"},"content":{"rendered":"\n<p>Welches M\u00e4dchen hat nicht einmal davon getr\u00e4umt wie eine Ballerina zu tanzen? Kinder im Vorschulalter sollen spielerisch in die Welt des Tanzes eingef\u00fchrt werden.Die Kinder lernen ihren eigenen K\u00f6rper bewusst zu erleben.<\/p>\n\n\n\n<p>Sie entwickeln Spa\u00df an der Bewegung und Freude am k\u00f6rperlichen Ausdruck. Spielerisch werden Muskeln gekr\u00e4ftigt und Haltung, Motorik, Phantasie, Musikalit\u00e4t und Rhythmik geschult.<\/p>\n\n\n\n<p>Die Konzentrationsf\u00e4higkeit und die Disziplin der Kinder wird in erheblichem Ma\u00dfe gef\u00f6rdert.<\/p>\n\n\n\n<figure class=\"wp-block-table\"><table><tbody><tr><td>Termin:&nbsp;<\/td><td>Dienstag 15:00 &#8211; 16:00 Uhr (ab 4 Jahre) >> Ballett 1<br>Dienstag\u00a016:00 &#8211; 17:00 Uhr >> Ballett 2<br>Dienstag\u00a017:00 &#8211; 18:00 Uhr >> Ballett 3<br>Donnerstag\u00a015:00 &#8211; 16:00 Uhr >> Ballett 4<br>Donnerstag\u00a016:00 &#8211; 17:00 Uhr >> Ballett 5<br>Donnerstag 17:00 &#8211; 18:00 Uhr >> Ballett 6<br>Donnerstag 18:00 &#8211; 19:00 Uhr >> Ballett 7<br>Donnerstag 19:00 &#8211; 20:15 Uhr >> Ballett 8<\/td><\/tr><tr><td>&nbsp;Ort:<\/td><td>Rosensteinsaal Burgenlandhalle Braunsbach<\/td><\/tr><tr><td>Kursleiterin:&nbsp;<\/td><td>Kerry Edwards (Tanzp\u00e4dagogin),<br>Samantha Edwards<\/td><\/tr><tr><td>&nbsp;Ansprechpartnerin:&nbsp;&nbsp;<\/td><td>Saskia Horn<br>Tel. 07906\/9416588<br>saskia.horn@tsv-braunsbach.de<\/td><\/tr><tr><td>Kursgeb\u00fchren:<\/td><td>Mitglieder 40 EUR \/ 10 Einheiten<br>Nichtmitglieder 55 EUR \/ 10 Einheiten<\/td><\/tr><\/tbody><\/table><\/figure>\n","protected":false},"excerpt":{"rendered":"<p>Welches M\u00e4dchen hat nicht einmal davon getr\u00e4umt wie eine Ballerina zu tanzen? Kinder im Vorschulalter sollen spielerisch in die Welt des Tanzes eingef\u00fchrt werden.Die Kinder&hellip;<\/p>\n","protected":false},"author":1,"featured_media":0,"parent":0,"menu_order":0,"comment_status":"closed","ping_status":"closed","template":"","meta":{"_seopress_robots_primary_cat":"","_seopress_titles_title":"","_seopress_titles_desc":"","_seopress_robots_index":"","footnotes":""},"class_list":["post-89","page","type-page","status-publish","hentry"],"_links":{"self":[{"href":"https:\/\/tsv-braunsbach.de\/index.php?rest_route=\/wp\/v2\/pages\/89","targetHints":{"allow":["GET"]}}],"collection":[{"href":"https:\/\/tsv-braunsbach.de\/index.php?rest_route=\/wp\/v2\/pages"}],"about":[{"href":"https:\/\/tsv-braunsbach.de\/index.php?rest_route=\/wp\/v2\/types\/page"}],"author":[{"embeddable":true,"href":"https:\/\/tsv-braunsbach.de\/index.php?rest_route=\/wp\/v2\/users\/1"}],"replies":[{"embeddable":true,"href":"https:\/\/tsv-braunsbach.de\/index.php?rest_route=%2Fwp%2Fv2%2Fcomments&post=89"}],"version-history":[{"count":5,"href":"https:\/\/tsv-braunsbach.de\/index.php?rest_route=\/wp\/v2\/pages\/89\/revisions"}],"predecessor-version":[{"id":1139,"href":"https:\/\/tsv-braunsbach.de\/index.php?rest_route=\/wp\/v2\/pages\/89\/revisions\/1139"}],"wp:attachment":[{"href":"https:\/\/tsv-braunsbach.de\/index.php?rest_route=%2Fwp%2Fv2%2Fmedia&parent=89"}],"curies":[{"name":"wp","href":"https:\/\/api.w.org\/{rel}","templated":true}]}}