{"id":45,"date":"2023-02-16T21:11:32","date_gmt":"2023-02-16T21:11:32","guid":{"rendered":"http:\/\/wp.tsv-braunsbach.de\/?page_id=45"},"modified":"2023-02-16T21:32:38","modified_gmt":"2023-02-16T21:32:38","slug":"impressum","status":"publish","type":"page","link":"https:\/\/tsv-braunsbach.de\/?page_id=45","title":{"rendered":"Impressum"},"content":{"rendered":"\n<h4 class=\"wp-block-heading\">Angaben gem\u00e4\u00df \u00a7 5 TMG:<\/h4>\n\n\n\n<p>TSV Braunsbach e.V.<br>Raingasse 42<br>74542 Braunsbach<\/p>\n\n\n\n<h4 class=\"wp-block-heading\">Vertreten durch:<\/h4>\n\n\n\n<p>Heiko Dietrich<br>Raingasse 42<br>74542 Braunsbach<br>0151 \/ 15310343<br><br>Anton Frick<br>Panoramastra\u00dfe 14<br>74542 Braunsbach<br>07906 \/ 8646<\/p>\n\n\n\n<h4 class=\"wp-block-heading\">Kontakt:<\/h4>\n\n\n\n<figure class=\"wp-block-table\"><table><tbody><tr><td>Telefon:<\/td><td>07906 \/ 941989<\/td><\/tr><tr><td>E-Mail:<\/td><td><a href=\"mailto:info@tsv-braunsbach.de\">info@tsv-braunsbach.de<\/a><\/td><\/tr><\/tbody><\/table><\/figure>\n\n\n\n<h4 class=\"wp-block-heading\">Registereintrag:<\/h4>\n\n\n\n<p>Eintragung im Vereinsregister.<br>Registergericht: Amtsgericht Stuttgart<br>Vereinsregister VR 570216<\/p>\n\n\n\n<h4 class=\"wp-block-heading\">Steuer-ID FA SHA:<\/h4>\n\n\n\n<p>84062\/01547<\/p>\n\n\n\n<h4 class=\"wp-block-heading\">Verantwortlich f\u00fcr den Inhalt nach \u00a7 55 Abs. 2 RStV:<\/h4>\n\n\n\n<p><br>Heiko Dietrich<br>Raingasse 42<br>74542 Braunsbach<br>0151 \/ 15310343<br><br>Anton Frick<br>Panoramastra\u00dfe 14<br>74542 Braunsbach<br>07906 \/ 8646<\/p>\n\n\n\n<h2 class=\"wp-block-heading\">Haftungsausschluss (Disclaimer)<\/h2>\n\n\n\n<p><strong>Haftung f\u00fcr Inhalte<\/strong><\/p>\n\n\n\n<p>Als Diensteanbieter sind wir gem\u00e4\u00df \u00a7 7 Abs.1 TMG f\u00fcr eigene Inhalte auf diesen Seiten nach den allgemeinen Gesetzen verantwortlich. Nach \u00a7\u00a7 8 bis 10 TMG sind wir als Diensteanbieter jedoch nicht verpflichtet, \u00fcbermittelte oder gespeicherte fremde Informationen zu \u00fcberwachen oder nach Umst\u00e4nden zu forschen, die auf eine rechtswidrige T\u00e4tigkeit hinweisen. Verpflichtungen zur Entfernung oder Sperrung der Nutzung von Informationen nach den allgemeinen Gesetzen bleiben hiervon unber\u00fchrt. Eine diesbez\u00fcgliche Haftung ist jedoch erst ab dem Zeitpunkt der Kenntnis einer konkreten Rechtsverletzung m\u00f6glich. Bei Bekanntwerden von entsprechenden Rechtsverletzungen werden wir diese Inhalte umgehend entfernen.<\/p>\n\n\n\n<p><strong>Haftung f\u00fcr Links<\/strong><\/p>\n\n\n\n<p>Unser Angebot enth\u00e4lt Links zu externen Webseiten Dritter, auf deren Inhalte wir keinen Einfluss haben. Deshalb k\u00f6nnen wir f\u00fcr diese fremden Inhalte auch keine Gew\u00e4hr \u00fcbernehmen. F\u00fcr die Inhalte der verlinkten Seiten ist stets der jeweilige Anbieter oder Betreiber der Seiten verantwortlich. Die verlinkten Seiten wurden zum Zeitpunkt der Verlinkung auf m\u00f6gliche Rechtsverst\u00f6\u00dfe \u00fcberpr\u00fcft. Rechtswidrige Inhalte waren zum Zeitpunkt der Verlinkung nicht erkennbar. Eine permanente inhaltliche Kontrolle der verlinkten Seiten ist jedoch ohne konkrete Anhaltspunkte einer Rechtsverletzung nicht zumutbar. Bei Bekanntwerden von Rechtsverletzungen werden wir derartige Links umgehend entfernen.<\/p>\n\n\n\n<p><strong>Urheberrecht<\/strong><\/p>\n\n\n\n<p>Die durch die Seitenbetreiber erstellten Inhalte und Werke auf diesen Seiten unterliegen dem deutschen Urheberrecht. Die Vervielf\u00e4ltigung, Bearbeitung, Verbreitung und jede Art der Verwertung au\u00dferhalb der Grenzen des Urheberrechtes bed\u00fcrfen der schriftlichen Zustimmung des jeweiligen Autors bzw. Erstellers. Downloads und Kopien dieser Seite sind nur f\u00fcr den privaten, nicht kommerziellen Gebrauch gestattet. Soweit die Inhalte auf dieser Seite nicht vom Betreiber erstellt wurden, werden die Urheberrechte Dritter beachtet. Insbesondere werden Inhalte Dritter als solche gekennzeichnet. Sollten Sie trotzdem auf eine Urheberrechtsverletzung aufmerksam werden, bitten wir um einen entsprechenden Hinweis. Bei Bekanntwerden von Rechtsverletzungen werden wir derartige Inhalte umgehend entfernen.<\/p>\n\n\n\n<h2 class=\"wp-block-heading\">Datenschutzerkl\u00e4rung:<\/h2>\n\n\n\n<p>Wir freuen uns sehr \u00fcber Ihr Interesse an unserem Verein. Datenschutz hat einen hohen Stellenwert f\u00fcr den TSV Braunsbach 1921 e. V. Im Folgenden informieren wir Sie \u00fcber die Erhebung, Speicherung und Weitergabe von personenbezogenen Daten bei Nutzung unserer Webseite. Personenbezogene Daten, sind alle Daten, die mit Ihnen pers\u00f6nlich zu tun haben oder sich auf Sie pers\u00f6nlich beziehen, z.B. Ihr Name und Ihre Adresse, aber auch z.B. Ihre Internet-Adresse (IP-Adresse), mit der Sie jetzt gerade im Web \u201esurfen\u201c.<\/p>\n\n\n\n<h1 class=\"wp-block-heading\">Verantwortlicher<\/h1>\n\n\n\n<p>Diese Webseite wird vom TSV Braunsbach 1921 e. V. als Verantwortlicher der Datenverarbeitung betrieben.<\/p>\n\n\n\n<p>TSV Braunsbach 1921 e. V.<br>Raingasse 42<br>74542 Braunsbach<\/p>\n\n\n\n<p>Vorstand: Rainer B\u00f6lhoff, Heiko Dietrich, Anton Frick<br>Telefon: 07906 \/ 941989<br>E-Mail: <a href=\"mailto:info@tsv-braunsbach.de\">info@tsv-braunsbach.de<\/a><\/p>\n\n\n\n<h1 class=\"wp-block-heading\">Datenschutzbeauftragter<\/h1>\n\n\n\n<p>&#8211; entf\u00e4llt &#8211;<\/p>\n\n\n\n<h1 class=\"wp-block-heading\">Generelle Nutzung der Webseite<\/h1>\n\n\n\n<h2 class=\"wp-block-heading\">Verschl\u00fcsselung<\/h2>\n\n\n\n<p>Diese Webseite nutzt aus Gr\u00fcnden der Sicherheit und zum Schutz der \u00dcbertragung vertraulicher Inhalte, wie zum Beispiel der Anfragen, die Sie an uns als Seitenbetreiber senden, eine TLS-Verschl\u00fcsselung. Eine verschl\u00fcsselte Verbindung erkennen Sie daran, dass die Adresszeile des Browsers von &#8222;http:\/\/&#8220; auf &#8222;https:\/\/&#8220; wechselt und an dem Schloss-Symbol in Ihrer Browserzeile.<\/p>\n\n\n\n<p>Wenn die TLS-Verschl\u00fcsselung aktiviert ist, k\u00f6nnen die Daten, die Sie an uns \u00fcbermitteln, nicht von Dritten mitgelesen werden.<\/p>\n\n\n\n<h2 class=\"wp-block-heading\">Server-Log-Files<\/h2>\n\n\n\n<p>Der Provider der Seiten erhebt und speichert automatisch Informationen in so genannten Server-Log Files. Folgende von Ihrem Browser automatisiert an uns \u00fcbermittelten Daten erheben und speichern wir:<\/p>\n\n\n\n<p>Browsertyp und Browserversion<\/p>\n\n\n\n<p>verwendetes Betriebssystem<\/p>\n\n\n\n<p>Referrer URL (Webseite \u00fcber die Sie zu uns gekommen sind)<\/p>\n\n\n\n<p>Hostname des zugreifenden Rechners (IP-Adresse)<\/p>\n\n\n\n<p>Uhrzeit der Serveranfrage<\/p>\n\n\n\n<p>Die Erhebung erfolgt, um Ihnen die Webseite \u00fcberhaupt anbieten zu k\u00f6nnen. Die Rechtsgrundlage ist Art. 6 Abs. 1 Satz 1 lit. b EU-DSGVO.<\/p>\n\n\n\n<p>Eine Zusammenf\u00fchrung dieser Daten mit anderen Datenquellen wird nicht vorgenommen. Die Speicherung ist zeitlich befristet, erfolgt nur zur Abwehr von Hackern in Abw\u00e4gung mit dem Schutzinteresse des Unternehmens und mit dem Pers\u00f6nlichkeitsrecht der Nutzer. Wir behalten uns vor, diese Daten nachtr\u00e4glich zu pr\u00fcfen, wenn uns konkrete Anhaltspunkte f\u00fcr eine rechtswidrige Nutzung bekannt werden. Die Rechtsgrundlage daf\u00fcr ist Art. 6 Abs. 1 Satz 1 lit. f EU-DSGVO. Unser berechtigtes Interesse ist der Schutz der Sicherheit unserer Server.<\/p>\n\n\n\n<h2 class=\"wp-block-heading\">Cookies<\/h2>\n\n\n\n<p>Diese Webseite sowie einige von uns eingesetzte Webanalyse-, Remarketing- und Retargetingtools verwenden teilweise so genannte Cookies. N\u00e4heres unter Einsatz von Webanalyse-, Remarketing- und Retargetingtools. Andere Cookies dienen dazu, unser Angebot nutzerfreundlicher, effektiver und sicherer zu machen. Die Rechtsgrundlage daf\u00fcr ist Art. 6 Abs. 1 Satz 1 lit. f EU-DSGVO. Unser berechtigtes Interesse ist die Sicherstellung des fehlerfreien Betriebs unserer Webseite.<\/p>\n\n\n\n<p>Erl\u00e4uterung \u201eCookies\u201c:<\/p>\n\n\n\n<p>Cookies sind kleine Textdateien, die auf Ihrem Rechner abgelegt werden und die Ihr Browser speichert. Cookies als reine Textdateien k\u00f6nnen auf Ihrem Rechner keinen Schaden anrichten und enthalten auch keine Viren. Die meisten der von uns verwendeten Cookies sind so genannte \u201eSession-Cookies\u201c. Sie werden nach Ende Ihres Besuchs automatisch gel\u00f6scht. Andere Cookies bleiben auf Ihrem Endger\u00e4t gespeichert, bis Sie diese l\u00f6schen. Diese Cookies erm\u00f6glichen es uns, Ihren Browser beim n\u00e4chsten Besuch wiederzuerkennen. Sie k\u00f6nnen Ihren Browser so einstellen, dass Sie \u00fcber das Setzen von Cookies informiert werden und Cookies nur im Einzelfall erlauben, die Annahme von Cookies f\u00fcr bestimmte F\u00e4lle oder generell ausschlie\u00dfen sowie das automatische L\u00f6schen der Cookies beim Schlie\u00dfen des Browsers aktivieren. Bei der Deaktivierung von Cookies kann die Funktionalit\u00e4t dieser Website eingeschr\u00e4nkt sein.<\/p>\n\n\n\n<h2 class=\"wp-block-heading\">Links zu anderen Websites<\/h2>\n\n\n\n<p>Unsere Webseite kann Links zu den Webseiten anderer Anbieter enthalten. Deren Einhaltung der Datenschutzvorschriften k\u00f6nnen wir nicht beeinflussen, weshalb sich unsere Datenschutzerkl\u00e4rung nicht auf diese erstreckt.<\/p>\n\n\n\n<h1 class=\"wp-block-heading\">Betroffenenrechte<\/h1>\n\n\n\n<h2 class=\"wp-block-heading\">Auskunftsrecht<\/h2>\n\n\n\n<p>Sie haben jederzeit das Recht auf unentgeltliche Auskunft \u00fcber Ihre gespeicherten personenbezogenen Daten, deren Herkunft und Empf\u00e4nger und den Zweck der Datenverarbeitung inkl. einer Kopie der personenbezogenen Daten, die Gegenstand der Verarbeitung sind.<\/p>\n\n\n\n<p>Um Einzelheiten f\u00fcr eine gesicherte Daten\u00fcbermittlung sowie dem Dateiformat mit Ihnen abzustimmen, wenden Sie sich bitte schriftlich an unseren Vorstand.<\/p>\n\n\n\n<h2 class=\"wp-block-heading\">Recht auf Berichtigung<\/h2>\n\n\n\n<p>Sie haben jederzeit das Recht Ihre personenbezogenen Daten, falls diese unrichtig sein sollten, berichtigen zu lassen oder falls diese unvollst\u00e4ndig sein sollten, vervollst\u00e4ndigen zu lassen.<\/p>\n\n\n\n<p>Wenden Sie sich hierzu bitte an unseren Verantwortlichen.<\/p>\n\n\n\n<h2 class=\"wp-block-heading\">Recht auf L\u00f6schung<\/h2>\n\n\n\n<p>Wir l\u00f6schen Ihre personenbezogenen Daten unverz\u00fcglich,<\/p>\n\n\n\n<ul class=\"wp-block-list\">\n<li>wenn Sie ihre Einwilligung zur rechtm\u00e4\u00dfigen Verarbeitung widerrufen und es liegen keine anderweitigen Rechtsgrundlagen zur Speicherung vor.<\/li>\n\n\n\n<li>wenn Sie der Verarbeitung widersprechen. Solange der Widerspruch aufrechtgehalten bleibt und die Angelegenheit nicht gekl\u00e4rt ist, tritt eine Sperrung ihrer Daten ein. Durch eine schriftliche Einwilligung k\u00f6nnen Sie ihren Widerspruch wieder aufheben.<\/li>\n\n\n\n<li>wenn sie f\u00fcr die Zwecke, f\u00fcr die sie erhoben oder auf sonstige Weise verarbeitet wurden, nicht mehr ben\u00f6tigt werden.<\/li>\n\n\n\n<li>wenn die Verarbeitung aus sonstigen gesetzlichen Gr\u00fcnden unzul\u00e4ssig ist.<\/li>\n<\/ul>\n\n\n\n<p>Wenden Sie sich hierzu bitte an unseren Verantwortlichen.<\/p>\n\n\n\n<h2 class=\"wp-block-heading\">Recht auf Einschr\u00e4nkung der Verarbeitung<\/h2>\n\n\n\n<p>Sie haben das Recht die Verarbeitung ihrer personenbezogenen Daten einschr\u00e4nken zu lassen, sofern<\/p>\n\n\n\n<ul class=\"wp-block-list\">\n<li>Sie die Richtigkeit Ihrer personenbezogenen Daten bestreiten und zwar f\u00fcr eine Dauer, die es uns erm\u00f6glicht, die Richtigkeit zu \u00fcberpr\u00fcfen.<\/li>\n\n\n\n<li>die Verarbeitung zwar unrechtm\u00e4\u00dfig ist, Sie aber die L\u00f6schung ihrer personenbezogenen Daten ablehnen und statt einer L\u00f6schung eine Einschr\u00e4nkung der Nutzung verlangen.<\/li>\n\n\n\n<li>wir ihre personenbezogenen Daten f\u00fcr die Zwecke nicht mehr ben\u00f6tigen, Sie jedoch zur Geltendmachung, Aus\u00fcbung oder Verteidigung von Rechtsanspr\u00fcchen ben\u00f6tigen.<\/li>\n\n\n\n<li>Sie Widerspruch gegen die Verarbeitung eingelegt hatten, aber noch nicht feststeht, ob unseren berechtigten Gr\u00fcnde gegen\u00fcber Ihren Gr\u00fcnden \u00fcberwiegen.<\/li>\n<\/ul>\n\n\n\n<p>Durch eine schriftliche Einwilligung k\u00f6nnen Sie die Einschr\u00e4nkung wieder aufheben. Wenden Sie sich hierzu bitte an unseren Verantwortlichen.<\/p>\n\n\n\n<h2 class=\"wp-block-heading\">Widerspruchsrecht<\/h2>\n\n\n\n<p>Sie haben ein jederzeitiges Widerspruchsrecht gegen die Erstellung von Nutzerprofilen und gegen die Verarbeitung Ihrer betreffenden personenbezogenen Daten, sofern die Verarbeitung auf einer Einwilligung beruht. Wir stoppen die Verarbeitung Ihrer personenbezogenen Daten, sofern keine zwingenden schutzw\u00fcrdigen Gr\u00fcnde Ihrer Interessen, Rechte und Freiheiten \u00fcberwiegen.<\/p>\n\n\n\n<p>Werden ihre personenbezogenen Daten zum Zwecke der Direktwerbung genutzt, haben Sie selbstverst\u00e4ndlich jederzeitiges Widerspruchsrecht gegen derartige Verarbeitungen.<\/p>\n\n\n\n<h2 class=\"wp-block-heading\">Recht auf Beschwerde bei einer Aufsichtsbeh\u00f6rde<\/h2>\n\n\n\n<p>Wenn Sie der Ansicht sind, dass die Verarbeitung ihrer personenbezogenen Daten gegen die Europ\u00e4ische Datenschutzgrundverordnung 2016\/679 verst\u00f6\u00dft, haben Sie das Recht auf Beschwerde bei einer Aufsichtsbeh\u00f6rde.<\/p>\n\n\n\n<h2 class=\"wp-block-heading\">Datenschutzordnung<\/h2>\n\n\n\n<p>Die Datenschutzordnung finden Sie <a href=\"https:\/\/tsv-braunsbach.de\/images\/2020\/Datenschutzordnung_TSV-Braunsbach_2020.02.19.pdf\" target=\"_blank\" rel=\"noreferrer noopener\">hier<\/a>.<\/p>\n\n\n\n<h1 class=\"wp-block-heading\">\u00c4nderung der Datenschutzerkl\u00e4rung<\/h1>\n\n\n\n<p>Wir behalten uns das Recht vor, diese Datenschutzerkl\u00e4rung von Zeit zu Zeit zu aktualisieren.<\/p>\n\n\n\n<p>Braunsbach, Stand: Februar 2023<\/p>\n","protected":false},"excerpt":{"rendered":"<p>Angaben gem\u00e4\u00df \u00a7 5 TMG: TSV Braunsbach e.V.Raingasse 4274542 Braunsbach Vertreten durch: Heiko DietrichRaingasse 4274542 Braunsbach0151 \/ 15310343 Anton FrickPanoramastra\u00dfe 1474542 Braunsbach07906 \/ 8646 Kontakt:&hellip;<\/p>\n","protected":false},"author":1,"featured_media":0,"parent":0,"menu_order":0,"comment_status":"closed","ping_status":"closed","template":"","meta":{"_seopress_robots_primary_cat":"","_seopress_titles_title":"","_seopress_titles_desc":"","_seopress_robots_index":"","footnotes":""},"class_list":["post-45","page","type-page","status-publish","hentry"],"_links":{"self":[{"href":"https:\/\/tsv-braunsbach.de\/index.php?rest_route=\/wp\/v2\/pages\/45","targetHints":{"allow":["GET"]}}],"collection":[{"href":"https:\/\/tsv-braunsbach.de\/index.php?rest_route=\/wp\/v2\/pages"}],"about":[{"href":"https:\/\/tsv-braunsbach.de\/index.php?rest_route=\/wp\/v2\/types\/page"}],"author":[{"embeddable":true,"href":"https:\/\/tsv-braunsbach.de\/index.php?rest_route=\/wp\/v2\/users\/1"}],"replies":[{"embeddable":true,"href":"https:\/\/tsv-braunsbach.de\/index.php?rest_route=%2Fwp%2Fv2%2Fcomments&post=45"}],"version-history":[{"count":3,"href":"https:\/\/tsv-braunsbach.de\/index.php?rest_route=\/wp\/v2\/pages\/45\/revisions"}],"predecessor-version":[{"id":171,"href":"https:\/\/tsv-braunsbach.de\/index.php?rest_route=\/wp\/v2\/pages\/45\/revisions\/171"}],"wp:attachment":[{"href":"https:\/\/tsv-braunsbach.de\/index.php?rest_route=%2Fwp%2Fv2%2Fmedia&parent=45"}],"curies":[{"name":"wp","href":"https:\/\/api.w.org\/{rel}","templated":true}]}}