{"id":44,"date":"2023-02-16T21:11:32","date_gmt":"2023-02-16T21:11:32","guid":{"rendered":"http:\/\/wp.tsv-braunsbach.de\/?page_id=44"},"modified":"2023-04-28T16:21:45","modified_gmt":"2023-04-28T16:21:45","slug":"tennis","status":"publish","type":"page","link":"https:\/\/tsv-braunsbach.de\/?page_id=44","title":{"rendered":"Tennis"},"content":{"rendered":"\n<h3 class=\"wp-block-heading\">Unsere Tennisabteilung stellt sich vor<\/h3>\n\n\n\n<p>Tennis wir beim TSV seit 1984 gespielt. Neben aktiven Mannschaften und Jugendmannschaften kommt auch der Hobbyspieler und die Geselligkeit nicht zu kurz. Auf der wundersch\u00f6n gelegenen und sehr gepflegten Anlage im Sportpark finden Tennisspieler von jung bis alt optimale Bedingungen vor. Eine Tennish\u00fctte steht f\u00fcr die Bewirtschaftung direkt neben den Pl\u00e4tzen zur Verf\u00fcgung.<br><strong><br>G\u00e4ste und interessierte neue Mitglieder sind jederzeit herzlich willkommen.<\/strong><\/p>\n\n\n\n<p><\/p>\n\n\n\n<h3 class=\"wp-block-heading\">Abteilungsleitung<\/h3>\n\n\n\n<p>Wolfram Glang (wolfram.glang@tsv-braunsbach.de): Abteilungsleiter + Tennistrainerassistent<br>Heiko Dietrich (heiko.dietrich@tsv-braunsbach.de): Sport- und Platzwart, Tennistrainerassistent<br>Katja Dietrich-M\u00fcller (katja.dietrich-mueller@tsv-braunsbach.de): Jugendwartin<br>Jeannine Sterna (jeannine.sterna@tsv-braunsbach.de): Schatzmeisterin<br>Annette Stirn (annette.stirn@tsv-braunsbach.de): IT-Beauftragte<\/p>\n\n\n\n<hr class=\"wp-block-separator has-alpha-channel-opacity\"\/>\n\n\n\n<figure class=\"wp-block-image size-large\"><img loading=\"lazy\" decoding=\"async\" width=\"1024\" height=\"725\" src=\"http:\/\/wp.tsv-braunsbach.de\/wp-content\/uploads\/2023\/04\/tennisflyer1-4-1024x725.png\" alt=\"\" class=\"wp-image-264\" srcset=\"https:\/\/tsv-braunsbach.de\/wp-content\/uploads\/2023\/04\/tennisflyer1-4-1024x725.png 1024w, https:\/\/tsv-braunsbach.de\/wp-content\/uploads\/2023\/04\/tennisflyer1-4-300x212.png 300w, https:\/\/tsv-braunsbach.de\/wp-content\/uploads\/2023\/04\/tennisflyer1-4-768x544.png 768w, https:\/\/tsv-braunsbach.de\/wp-content\/uploads\/2023\/04\/tennisflyer1-4.png 1078w\" sizes=\"auto, (max-width: 1024px) 100vw, 1024px\" \/><\/figure>\n\n\n\n<figure class=\"wp-block-image size-large\"><img loading=\"lazy\" decoding=\"async\" width=\"1024\" height=\"725\" src=\"http:\/\/wp.tsv-braunsbach.de\/wp-content\/uploads\/2023\/04\/tennisflyer2-1-1024x725.png\" alt=\"\" class=\"wp-image-265\" srcset=\"https:\/\/tsv-braunsbach.de\/wp-content\/uploads\/2023\/04\/tennisflyer2-1-1024x725.png 1024w, https:\/\/tsv-braunsbach.de\/wp-content\/uploads\/2023\/04\/tennisflyer2-1-300x212.png 300w, https:\/\/tsv-braunsbach.de\/wp-content\/uploads\/2023\/04\/tennisflyer2-1-768x544.png 768w, https:\/\/tsv-braunsbach.de\/wp-content\/uploads\/2023\/04\/tennisflyer2-1.png 1078w\" sizes=\"auto, (max-width: 1024px) 100vw, 1024px\" \/><\/figure>\n","protected":false},"excerpt":{"rendered":"<p>Unsere Tennisabteilung stellt sich vor Tennis wir beim TSV seit 1984 gespielt. Neben aktiven Mannschaften und Jugendmannschaften kommt auch der Hobbyspieler und die Geselligkeit nicht&hellip;<\/p>\n","protected":false},"author":1,"featured_media":0,"parent":0,"menu_order":0,"comment_status":"closed","ping_status":"closed","template":"","meta":{"_seopress_robots_primary_cat":"","_seopress_titles_title":"","_seopress_titles_desc":"","_seopress_robots_index":"","footnotes":""},"class_list":["post-44","page","type-page","status-publish","hentry"],"_links":{"self":[{"href":"https:\/\/tsv-braunsbach.de\/index.php?rest_route=\/wp\/v2\/pages\/44","targetHints":{"allow":["GET"]}}],"collection":[{"href":"https:\/\/tsv-braunsbach.de\/index.php?rest_route=\/wp\/v2\/pages"}],"about":[{"href":"https:\/\/tsv-braunsbach.de\/index.php?rest_route=\/wp\/v2\/types\/page"}],"author":[{"embeddable":true,"href":"https:\/\/tsv-braunsbach.de\/index.php?rest_route=\/wp\/v2\/users\/1"}],"replies":[{"embeddable":true,"href":"https:\/\/tsv-braunsbach.de\/index.php?rest_route=%2Fwp%2Fv2%2Fcomments&post=44"}],"version-history":[{"count":7,"href":"https:\/\/tsv-braunsbach.de\/index.php?rest_route=\/wp\/v2\/pages\/44\/revisions"}],"predecessor-version":[{"id":269,"href":"https:\/\/tsv-braunsbach.de\/index.php?rest_route=\/wp\/v2\/pages\/44\/revisions\/269"}],"wp:attachment":[{"href":"https:\/\/tsv-braunsbach.de\/index.php?rest_route=%2Fwp%2Fv2%2Fmedia&parent=44"}],"curies":[{"name":"wp","href":"https:\/\/api.w.org\/{rel}","templated":true}]}}