{"id":42,"date":"2023-02-16T21:11:32","date_gmt":"2023-02-16T21:11:32","guid":{"rendered":"http:\/\/wp.tsv-braunsbach.de\/?page_id=42"},"modified":"2023-10-09T18:03:23","modified_gmt":"2023-10-09T18:03:23","slug":"breitensport","status":"publish","type":"page","link":"https:\/\/tsv-braunsbach.de\/?page_id=42","title":{"rendered":"Breitensport"},"content":{"rendered":"\n<p>Wer sich bewegt, bringt etwas in Bewegung.<\/p>\n\n\n\n<p>-Rebert Lerch-<\/p>\n\n\n\n<p>Der Begriff Breitensport bezeichnet sportliche Aktivit\u00e4ten, die haupts\u00e4chlich der k\u00f6rperlichen Fitness, dem Ausgleich von Bewegungsmangel sowie dem Spa\u00df am Sport dienen, der Wettkampfgedanke steht dabei nicht im Vordergrund.<\/p>\n\n\n\n<p>In der Breitensportabteilung des TSV Braunsbach bewegen sich w\u00f6chentlich ca. 330 sportbegeisterte Menschen in unseren \u00dcbungsstunden, von den Kleinsten im Mutter-Kind-Turnen bis hin zu unseren Senioren beim Kursangebot Yoga auf dem Stuhl.<\/p>\n\n\n\n<p>In den letzen Jahren haben wir unsere Sport-und Kursangebote kontinuierlich erweitert\/ausgeweitert, so da\u00df wir mit unserem vielf\u00e4ltigen Angebot das sportliche Leben in der Gemeinde Braunsbach bereichern.<\/p>\n\n\n\n<p>F\u00fcr diesen Erfolg sind \u00fcber 30 \u00dcbungsleiter\/innen, Kursleiter\/innen, Ansprechpartner\/innen&nbsp; f\u00fcr die Breitensportabteilung sehr engagiert im Einsatz.<\/p>\n\n\n\n<figure class=\"wp-block-image size-full\"><img loading=\"lazy\" decoding=\"async\" width=\"770\" height=\"430\" src=\"http:\/\/wp.tsv-braunsbach.de\/wp-content\/uploads\/2023\/05\/breitensport.png\" alt=\"\" class=\"wp-image-320\" srcset=\"https:\/\/tsv-braunsbach.de\/wp-content\/uploads\/2023\/05\/breitensport.png 770w, https:\/\/tsv-braunsbach.de\/wp-content\/uploads\/2023\/05\/breitensport-300x168.png 300w, https:\/\/tsv-braunsbach.de\/wp-content\/uploads\/2023\/05\/breitensport-768x429.png 768w\" sizes=\"auto, (max-width: 770px) 100vw, 770px\" \/><\/figure>\n\n\n\n<h3 class=\"wp-block-heading\">Abteilungsleitung<\/h3>\n\n\n\n<p>Katja\u00a0Dietrich-M\u00fcller<br>Tel. 07906\/269<br>E-Mail: katja.dietrich-mueller@tsv-braunsbach.de<br><br>Matthias Schwarz<br>Tel. 0160\/4791656<br>E-Mail: matthias.schwarz@tsv-braunsbach.de<\/p>\n\n\n\n<p><\/p>\n","protected":false},"excerpt":{"rendered":"<p>Wer sich bewegt, bringt etwas in Bewegung. -Rebert Lerch- Der Begriff Breitensport bezeichnet sportliche Aktivit\u00e4ten, die haupts\u00e4chlich der k\u00f6rperlichen Fitness, dem Ausgleich von Bewegungsmangel sowie&hellip;<\/p>\n","protected":false},"author":1,"featured_media":0,"parent":0,"menu_order":0,"comment_status":"closed","ping_status":"closed","template":"","meta":{"_seopress_robots_primary_cat":"","_seopress_titles_title":"","_seopress_titles_desc":"","_seopress_robots_index":"","footnotes":""},"class_list":["post-42","page","type-page","status-publish","hentry"],"_links":{"self":[{"href":"https:\/\/tsv-braunsbach.de\/index.php?rest_route=\/wp\/v2\/pages\/42","targetHints":{"allow":["GET"]}}],"collection":[{"href":"https:\/\/tsv-braunsbach.de\/index.php?rest_route=\/wp\/v2\/pages"}],"about":[{"href":"https:\/\/tsv-braunsbach.de\/index.php?rest_route=\/wp\/v2\/types\/page"}],"author":[{"embeddable":true,"href":"https:\/\/tsv-braunsbach.de\/index.php?rest_route=\/wp\/v2\/users\/1"}],"replies":[{"embeddable":true,"href":"https:\/\/tsv-braunsbach.de\/index.php?rest_route=%2Fwp%2Fv2%2Fcomments&post=42"}],"version-history":[{"count":3,"href":"https:\/\/tsv-braunsbach.de\/index.php?rest_route=\/wp\/v2\/pages\/42\/revisions"}],"predecessor-version":[{"id":499,"href":"https:\/\/tsv-braunsbach.de\/index.php?rest_route=\/wp\/v2\/pages\/42\/revisions\/499"}],"wp:attachment":[{"href":"https:\/\/tsv-braunsbach.de\/index.php?rest_route=%2Fwp%2Fv2%2Fmedia&parent=42"}],"curies":[{"name":"wp","href":"https:\/\/api.w.org\/{rel}","templated":true}]}}