{"id":41,"date":"2023-02-16T21:11:32","date_gmt":"2023-02-16T21:11:32","guid":{"rendered":"http:\/\/wp.tsv-braunsbach.de\/?page_id=41"},"modified":"2023-10-09T18:08:52","modified_gmt":"2023-10-09T18:08:52","slug":"fussball","status":"publish","type":"page","link":"https:\/\/tsv-braunsbach.de\/?page_id=41","title":{"rendered":"Fussball"},"content":{"rendered":"\n<h3 class=\"wp-block-heading\">Unsere Fussballabteilung stellt sich vor<\/h3>\n\n\n\n<p>Fussball hat im TSV eine lange Tradition. Derzeit nimmt der TSV mit 2 aktiven Mannschaften und 7 Jugendmannschaften am Spielbetrieb teil.<br>Neben einem sehr gepflegten Rasenspielfeld stehen ein modernes Kunstrasenspielfeld sowie 2 Bolzpl\u00e4tze zur Verf\u00fcgung. Ab Sommer 2017 ist weiterhin die Fertigstellung eines Kleinspielfeldes mit Kunstrasen und Rundumbande geplant. Somit finden auch alle Fussballbegeisterten im Sportpark jederzeit optimale Bedingungen vor. Im Vereinsheim steht ein Gastraum f\u00fcr ein gem\u00fctliches Beisammensein nach dem Sportbetrieb zur Verf\u00fcgung.<br><br><strong>G\u00e4ste und Interessierte neue Mitglieder sind jederzeit herzlich willkommen.<\/strong><\/p>\n","protected":false},"excerpt":{"rendered":"<p>Unsere Fussballabteilung stellt sich vor Fussball hat im TSV eine lange Tradition. Derzeit nimmt der TSV mit 2 aktiven Mannschaften und 7 Jugendmannschaften am Spielbetrieb&hellip;<\/p>\n","protected":false},"author":1,"featured_media":0,"parent":0,"menu_order":0,"comment_status":"closed","ping_status":"closed","template":"","meta":{"_seopress_robots_primary_cat":"","_seopress_titles_title":"","_seopress_titles_desc":"","_seopress_robots_index":"","footnotes":""},"class_list":["post-41","page","type-page","status-publish","hentry"],"_links":{"self":[{"href":"https:\/\/tsv-braunsbach.de\/index.php?rest_route=\/wp\/v2\/pages\/41","targetHints":{"allow":["GET"]}}],"collection":[{"href":"https:\/\/tsv-braunsbach.de\/index.php?rest_route=\/wp\/v2\/pages"}],"about":[{"href":"https:\/\/tsv-braunsbach.de\/index.php?rest_route=\/wp\/v2\/types\/page"}],"author":[{"embeddable":true,"href":"https:\/\/tsv-braunsbach.de\/index.php?rest_route=\/wp\/v2\/users\/1"}],"replies":[{"embeddable":true,"href":"https:\/\/tsv-braunsbach.de\/index.php?rest_route=%2Fwp%2Fv2%2Fcomments&post=41"}],"version-history":[{"count":3,"href":"https:\/\/tsv-braunsbach.de\/index.php?rest_route=\/wp\/v2\/pages\/41\/revisions"}],"predecessor-version":[{"id":500,"href":"https:\/\/tsv-braunsbach.de\/index.php?rest_route=\/wp\/v2\/pages\/41\/revisions\/500"}],"wp:attachment":[{"href":"https:\/\/tsv-braunsbach.de\/index.php?rest_route=%2Fwp%2Fv2%2Fmedia&parent=41"}],"curies":[{"name":"wp","href":"https:\/\/api.w.org\/{rel}","templated":true}]}}