{"id":199,"date":"2023-04-11T16:13:35","date_gmt":"2023-04-11T16:13:35","guid":{"rendered":"http:\/\/wp.tsv-braunsbach.de\/?page_id=199"},"modified":"2025-06-22T12:37:19","modified_gmt":"2025-06-22T12:37:19","slug":"sponsoren","status":"publish","type":"page","link":"https:\/\/tsv-braunsbach.de\/?page_id=199","title":{"rendered":"Sponsoren"},"content":{"rendered":"\n<p><strong>Der TSV Braunsbach bedankt sich bei seinen Sponsoren.<\/strong><\/p>\n\n\n\n<hr class=\"wp-block-separator has-alpha-channel-opacity\"\/>\n\n\n\n<div class=\"wp-block-media-text alignwide is-stacked-on-mobile\"><figure class=\"wp-block-media-text__media\"><a href=\"https:\/\/wolf-braunsbach.de\" target=\"_blank\" rel=\"noreferrer noopener\"><img loading=\"lazy\" decoding=\"async\" width=\"1024\" height=\"280\" src=\"http:\/\/wp.tsv-braunsbach.de\/wp-content\/uploads\/2023\/04\/Creativ_Park_GmbH_Entwurf046-1024x280.jpg\" alt=\"\" class=\"wp-image-221 size-full\" srcset=\"https:\/\/tsv-braunsbach.de\/wp-content\/uploads\/2023\/04\/Creativ_Park_GmbH_Entwurf046-1024x280.jpg 1024w, https:\/\/tsv-braunsbach.de\/wp-content\/uploads\/2023\/04\/Creativ_Park_GmbH_Entwurf046-300x82.jpg 300w, https:\/\/tsv-braunsbach.de\/wp-content\/uploads\/2023\/04\/Creativ_Park_GmbH_Entwurf046-768x210.jpg 768w, https:\/\/tsv-braunsbach.de\/wp-content\/uploads\/2023\/04\/Creativ_Park_GmbH_Entwurf046.jpg 1186w\" sizes=\"auto, (max-width: 1024px) 100vw, 1024px\" \/><\/a><\/figure><div class=\"wp-block-media-text__content\">\n<p><a href=\"https:\/\/wolf-braunsbach.de\" target=\"_blank\" data-type=\"link\" data-id=\"https:\/\/wolf-braunsbach.de\" rel=\"noopener\">Haustechnik Wolf <\/a><\/p>\n<\/div><\/div>\n\n\n\n<hr class=\"wp-block-separator has-alpha-channel-opacity\"\/>\n\n\n\n<div class=\"wp-block-media-text alignwide is-stacked-on-mobile\"><figure class=\"wp-block-media-text__media\"><img loading=\"lazy\" decoding=\"async\" width=\"300\" height=\"300\" src=\"https:\/\/tsv-braunsbach.de\/wp-content\/uploads\/2023\/05\/kretschmar_logo.png\" alt=\"\" class=\"wp-image-373 size-full\" srcset=\"https:\/\/tsv-braunsbach.de\/wp-content\/uploads\/2023\/05\/kretschmar_logo.png 300w, https:\/\/tsv-braunsbach.de\/wp-content\/uploads\/2023\/05\/kretschmar_logo-150x150.png 150w\" sizes=\"auto, (max-width: 300px) 100vw, 300px\" \/><\/figure><div class=\"wp-block-media-text__content\">\n<p><a href=\"https:\/\/baeckerei-kretzschmar.com\" target=\"_blank\" data-type=\"link\" data-id=\"https:\/\/baeckerei-kretzschmar.com\" rel=\"noopener\">B\u00e4ckerei Kretzschmar<\/a><\/p>\n<\/div><\/div>\n\n\n\n<hr class=\"wp-block-separator has-alpha-channel-opacity\"\/>\n\n\n\n<div class=\"wp-block-media-text alignwide is-stacked-on-mobile\"><figure class=\"wp-block-media-text__media\"><img loading=\"lazy\" decoding=\"async\" width=\"300\" height=\"300\" src=\"http:\/\/wp.tsv-braunsbach.de\/wp-content\/uploads\/2023\/05\/sonnenbl1.png\" alt=\"\" class=\"wp-image-372 size-full\" srcset=\"https:\/\/tsv-braunsbach.de\/wp-content\/uploads\/2023\/05\/sonnenbl1.png 300w, https:\/\/tsv-braunsbach.de\/wp-content\/uploads\/2023\/05\/sonnenbl1-150x150.png 150w\" sizes=\"auto, (max-width: 300px) 100vw, 300px\" \/><\/figure><div class=\"wp-block-media-text__content\">\n<p><a href=\"https:\/\/www.facebook.com\/Sonnenblume-Braunsbach-1045252642231857\/\" target=\"_blank\" rel=\"noreferrer noopener\">Sonnenblume<\/a><\/p>\n<\/div><\/div>\n\n\n\n<hr class=\"wp-block-separator has-alpha-channel-opacity\"\/>\n\n\n\n<div class=\"wp-block-media-text alignwide is-stacked-on-mobile\"><figure class=\"wp-block-media-text__media\"><img loading=\"lazy\" decoding=\"async\" width=\"300\" height=\"300\" src=\"http:\/\/wp.tsv-braunsbach.de\/wp-content\/uploads\/2023\/05\/stuckateur_mueller.png\" alt=\"\" class=\"wp-image-371 size-full\" srcset=\"https:\/\/tsv-braunsbach.de\/wp-content\/uploads\/2023\/05\/stuckateur_mueller.png 300w, https:\/\/tsv-braunsbach.de\/wp-content\/uploads\/2023\/05\/stuckateur_mueller-150x150.png 150w\" sizes=\"auto, (max-width: 300px) 100vw, 300px\" \/><\/figure><div class=\"wp-block-media-text__content\">\n<p><a href=\"https:\/\/www.gelbeseiten.de\/gsbiz\/7893e98c-ad9a-42a7-96ec-d34b7d5ff7e9\" target=\"_blank\" rel=\"noreferrer noopener\">Stuckateur M\u00fcller<\/a><\/p>\n<\/div><\/div>\n\n\n\n<hr class=\"wp-block-separator has-alpha-channel-opacity\"\/>\n\n\n\n<div class=\"wp-block-media-text alignwide is-stacked-on-mobile\"><figure class=\"wp-block-media-text__media\"><img loading=\"lazy\" decoding=\"async\" width=\"300\" height=\"300\" src=\"http:\/\/wp.tsv-braunsbach.de\/wp-content\/uploads\/2023\/05\/barthau_bn.png\" alt=\"\" class=\"wp-image-370 size-full\" srcset=\"https:\/\/tsv-braunsbach.de\/wp-content\/uploads\/2023\/05\/barthau_bn.png 300w, https:\/\/tsv-braunsbach.de\/wp-content\/uploads\/2023\/05\/barthau_bn-150x150.png 150w\" sizes=\"auto, (max-width: 300px) 100vw, 300px\" \/><\/figure><div class=\"wp-block-media-text__content\">\n<p><a href=\"http:\/\/www.barthau.de\" data-type=\"link\" data-id=\"http:\/\/www.barthau.de\">B<\/a><a href=\"http:\/\/www.barthau.de\" data-type=\"link\" data-id=\"http:\/\/www.barthau.de\" target=\"_blank\" rel=\"noreferrer noopener\">arthau Anh\u00e4n<\/a><a href=\"http:\/\/www.barthau.de\" data-type=\"link\" data-id=\"http:\/\/www.barthau.de\">ger<\/a><\/p>\n<\/div><\/div>\n\n\n\n<hr class=\"wp-block-separator has-alpha-channel-opacity\"\/>\n\n\n\n<div class=\"wp-block-media-text alignwide is-stacked-on-mobile\"><figure class=\"wp-block-media-text__media\"><img loading=\"lazy\" decoding=\"async\" width=\"300\" height=\"300\" src=\"http:\/\/wp.tsv-braunsbach.de\/wp-content\/uploads\/2023\/05\/hohenlohe_aktivtours-1.png\" alt=\"\" class=\"wp-image-367 size-full\" srcset=\"https:\/\/tsv-braunsbach.de\/wp-content\/uploads\/2023\/05\/hohenlohe_aktivtours-1.png 300w, https:\/\/tsv-braunsbach.de\/wp-content\/uploads\/2023\/05\/hohenlohe_aktivtours-1-150x150.png 150w\" sizes=\"auto, (max-width: 300px) 100vw, 300px\" \/><\/figure><div class=\"wp-block-media-text__content\">\n<p><a href=\"https:\/\/hohenlohe-aktiv-tours.de\/\" data-type=\"link\" data-id=\"https:\/\/hohenlohe-aktiv-tours.de\/\">Hoh<\/a><a href=\"https:\/\/hohenlohe-aktiv-tours.de\/\" data-type=\"link\" data-id=\"https:\/\/hohenlohe-aktiv-tours.de\/\" target=\"_blank\" rel=\"noreferrer noopener\">enloher Aktivto<\/a><a href=\"https:\/\/hohenlohe-aktiv-tours.de\/\" data-type=\"link\" data-id=\"https:\/\/hohenlohe-aktiv-tours.de\/\">urs<\/a><\/p>\n<\/div><\/div>\n\n\n\n<hr class=\"wp-block-separator has-alpha-channel-opacity\"\/>\n\n\n\n<div class=\"wp-block-media-text alignwide is-stacked-on-mobile\"><figure class=\"wp-block-media-text__media\"><img loading=\"lazy\" decoding=\"async\" width=\"300\" height=\"300\" src=\"http:\/\/wp.tsv-braunsbach.de\/wp-content\/uploads\/2023\/05\/hev-2015.png\" alt=\"\" class=\"wp-image-365 size-full\" srcset=\"https:\/\/tsv-braunsbach.de\/wp-content\/uploads\/2023\/05\/hev-2015.png 300w, https:\/\/tsv-braunsbach.de\/wp-content\/uploads\/2023\/05\/hev-2015-150x150.png 150w\" sizes=\"auto, (max-width: 300px) 100vw, 300px\" \/><\/figure><div class=\"wp-block-media-text__content\">\n<p><a href=\"https:\/\/www.hev-energie.de\/\" data-type=\"link\" data-id=\"https:\/\/www.hev-energie.de\/\">Hohenloher <\/a><a href=\"https:\/\/www.hev-energie.de\/\" data-type=\"link\" data-id=\"https:\/\/www.hev-energie.de\/\" target=\"_blank\" rel=\"noreferrer noopener\">Energieversorgung<\/a><\/p>\n<\/div><\/div>\n\n\n\n<hr class=\"wp-block-separator has-alpha-channel-opacity\"\/>\n\n\n\n<div class=\"wp-block-media-text alignwide is-stacked-on-mobile\"><figure class=\"wp-block-media-text__media\"><img loading=\"lazy\" decoding=\"async\" width=\"300\" height=\"300\" src=\"http:\/\/wp.tsv-braunsbach.de\/wp-content\/uploads\/2023\/05\/loewenbraeu.png\" alt=\"\" class=\"wp-image-361 size-full\" srcset=\"https:\/\/tsv-braunsbach.de\/wp-content\/uploads\/2023\/05\/loewenbraeu.png 300w, https:\/\/tsv-braunsbach.de\/wp-content\/uploads\/2023\/05\/loewenbraeu-150x150.png 150w\" sizes=\"auto, (max-width: 300px) 100vw, 300px\" \/><\/figure><div class=\"wp-block-media-text__content\">\n<p><a href=\"https:\/\/haller-loewenbraeu.de\" data-type=\"link\" data-id=\"https:\/\/haller-loewenbraeu.de\" target=\"_blank\" rel=\"noreferrer noopener\">Haller L\u00f6wenbr\u00e4u<\/a><\/p>\n<\/div><\/div>\n\n\n\n<hr class=\"wp-block-separator has-alpha-channel-opacity\"\/>\n\n\n\n<div class=\"wp-block-media-text alignwide is-stacked-on-mobile\"><figure class=\"wp-block-media-text__media\"><img loading=\"lazy\" decoding=\"async\" width=\"250\" height=\"64\" src=\"https:\/\/tsv-braunsbach.de\/wp-content\/uploads\/2023\/05\/Beck_small1.jpg\" alt=\"\" class=\"wp-image-359 size-full\"\/><\/figure><div class=\"wp-block-media-text__content\">\n<p><a href=\"https:\/\/holzbau-beck.de\" data-type=\"link\" data-id=\"https:\/\/holzbau-beck.de\" target=\"_blank\" rel=\"noreferrer noopener\">Holzbau Beck <\/a><\/p>\n<\/div><\/div>\n\n\n\n<hr class=\"wp-block-separator has-alpha-channel-opacity\"\/>\n\n\n\n<div class=\"wp-block-media-text alignwide is-stacked-on-mobile\"><figure class=\"wp-block-media-text__media\"><img loading=\"lazy\" decoding=\"async\" width=\"300\" height=\"300\" src=\"http:\/\/wp.tsv-braunsbach.de\/wp-content\/uploads\/2023\/05\/vrshacr.png\" alt=\"\" class=\"wp-image-351 size-full\" srcset=\"https:\/\/tsv-braunsbach.de\/wp-content\/uploads\/2023\/05\/vrshacr.png 300w, https:\/\/tsv-braunsbach.de\/wp-content\/uploads\/2023\/05\/vrshacr-150x150.png 150w\" sizes=\"auto, (max-width: 300px) 100vw, 300px\" \/><\/figure><div class=\"wp-block-media-text__content\">\n<p><a href=\"https:\/\/www.vrbank-sha.de\" data-type=\"link\" data-id=\"https:\/\/www.vrbank-sha.de\" target=\"_blank\" rel=\"noreferrer noopener\">VR Bank Schw\u00e4bisch Hall Crailsheim<\/a><\/p>\n<\/div><\/div>\n\n\n\n<hr class=\"wp-block-separator has-alpha-channel-opacity\"\/>\n\n\n\n<div class=\"wp-block-media-text alignwide is-stacked-on-mobile\"><figure class=\"wp-block-media-text__media\"><img loading=\"lazy\" decoding=\"async\" width=\"300\" height=\"300\" src=\"http:\/\/wp.tsv-braunsbach.de\/wp-content\/uploads\/2023\/05\/spkshacr.png\" alt=\"\" class=\"wp-image-350 size-full\" srcset=\"https:\/\/tsv-braunsbach.de\/wp-content\/uploads\/2023\/05\/spkshacr.png 300w, https:\/\/tsv-braunsbach.de\/wp-content\/uploads\/2023\/05\/spkshacr-150x150.png 150w\" sizes=\"auto, (max-width: 300px) 100vw, 300px\" \/><\/figure><div class=\"wp-block-media-text__content\">\n<p><a href=\"https:\/\/sparkasse-sha.de\" data-type=\"link\" data-id=\"https:\/\/sparkasse-sha.de\" target=\"_blank\" rel=\"noreferrer noopener\">Sparkasse Schw\u00e4bisch Hall &#8211; Crailsheim<\/a><\/p>\n<\/div><\/div>\n\n\n\n<hr class=\"wp-block-separator has-alpha-channel-opacity\"\/>\n\n\n\n<div class=\"wp-block-media-text alignwide is-stacked-on-mobile\"><figure class=\"wp-block-media-text__media\"><img loading=\"lazy\" decoding=\"async\" width=\"1024\" height=\"246\" src=\"https:\/\/tsv-braunsbach.de\/wp-content\/uploads\/2024\/01\/werb_Krause-1024x246.jpg\" alt=\"\" class=\"wp-image-610 size-full\" srcset=\"https:\/\/tsv-braunsbach.de\/wp-content\/uploads\/2024\/01\/werb_Krause-1024x246.jpg 1024w, https:\/\/tsv-braunsbach.de\/wp-content\/uploads\/2024\/01\/werb_Krause-300x72.jpg 300w, https:\/\/tsv-braunsbach.de\/wp-content\/uploads\/2024\/01\/werb_Krause-768x185.jpg 768w, https:\/\/tsv-braunsbach.de\/wp-content\/uploads\/2024\/01\/werb_Krause.jpg 1182w\" sizes=\"auto, (max-width: 1024px) 100vw, 1024px\" \/><\/figure><div class=\"wp-block-media-text__content\">\n<p><a href=\"https:\/\/krause-verpackungen.de\" data-type=\"link\" data-id=\"https:\/\/krause-verpackungen.de\" target=\"_blank\" rel=\"noreferrer noopener\">Krause Verpackungen<\/a><\/p>\n<\/div><\/div>\n\n\n\n<hr class=\"wp-block-separator has-alpha-channel-opacity\"\/>\n\n\n\n<div class=\"wp-block-media-text is-stacked-on-mobile\"><figure class=\"wp-block-media-text__media\"><img loading=\"lazy\" decoding=\"async\" width=\"1024\" height=\"257\" src=\"https:\/\/tsv-braunsbach.de\/wp-content\/uploads\/2024\/01\/Wuerttembergische_Martin-1024x257.jpg\" alt=\"\" class=\"wp-image-597 size-full\" srcset=\"https:\/\/tsv-braunsbach.de\/wp-content\/uploads\/2024\/01\/Wuerttembergische_Martin-1024x257.jpg 1024w, https:\/\/tsv-braunsbach.de\/wp-content\/uploads\/2024\/01\/Wuerttembergische_Martin-300x75.jpg 300w, https:\/\/tsv-braunsbach.de\/wp-content\/uploads\/2024\/01\/Wuerttembergische_Martin-768x192.jpg 768w, https:\/\/tsv-braunsbach.de\/wp-content\/uploads\/2024\/01\/Wuerttembergische_Martin-1536x385.jpg 1536w, https:\/\/tsv-braunsbach.de\/wp-content\/uploads\/2024\/01\/Wuerttembergische_Martin-2048x513.jpg 2048w\" sizes=\"auto, (max-width: 1024px) 100vw, 1024px\" \/><\/figure><div class=\"wp-block-media-text__content\">\n<p><a href=\"https:\/\/www.wuerttembergische.de\/versicherungen\/mario.martin\">Generalagentur Mario Martin<\/a><\/p>\n<\/div><\/div>\n\n\n\n<hr class=\"wp-block-separator has-alpha-channel-opacity\"\/>\n\n\n\n<div class=\"wp-block-media-text alignwide is-stacked-on-mobile\"><figure class=\"wp-block-media-text__media\"><img loading=\"lazy\" decoding=\"async\" width=\"902\" height=\"215\" src=\"http:\/\/wp.tsv-braunsbach.de\/wp-content\/uploads\/2023\/05\/binder_2018.png\" alt=\"\" class=\"wp-image-343 size-full\" srcset=\"https:\/\/tsv-braunsbach.de\/wp-content\/uploads\/2023\/05\/binder_2018.png 902w, https:\/\/tsv-braunsbach.de\/wp-content\/uploads\/2023\/05\/binder_2018-300x72.png 300w, https:\/\/tsv-braunsbach.de\/wp-content\/uploads\/2023\/05\/binder_2018-768x183.png 768w\" sizes=\"auto, (max-width: 902px) 100vw, 902px\" \/><\/figure><div class=\"wp-block-media-text__content\">\n<p><a href=\"https:\/\/vertretung.allianz.de\/axel.binder\/\" data-type=\"link\" data-id=\"https:\/\/vertretung.allianz.de\/axel.binder\/\" target=\"_blank\" rel=\"noreferrer noopener\">Binder Finanzdienstleistung<\/a><\/p>\n<\/div><\/div>\n\n\n\n<hr class=\"wp-block-separator has-alpha-channel-opacity\"\/>\n\n\n\n<div class=\"wp-block-media-text alignwide is-stacked-on-mobile\"><figure class=\"wp-block-media-text__media\"><img loading=\"lazy\" decoding=\"async\" width=\"870\" height=\"214\" src=\"http:\/\/wp.tsv-braunsbach.de\/wp-content\/uploads\/2023\/05\/ah_koch_2018.png\" alt=\"\" class=\"wp-image-342 size-full\" srcset=\"https:\/\/tsv-braunsbach.de\/wp-content\/uploads\/2023\/05\/ah_koch_2018.png 870w, https:\/\/tsv-braunsbach.de\/wp-content\/uploads\/2023\/05\/ah_koch_2018-300x74.png 300w, https:\/\/tsv-braunsbach.de\/wp-content\/uploads\/2023\/05\/ah_koch_2018-768x189.png 768w\" sizes=\"auto, (max-width: 870px) 100vw, 870px\" \/><\/figure><div class=\"wp-block-media-text__content\">\n<p><a href=\"https:\/\/koch-autogruppe.de\" data-type=\"link\" data-id=\"https:\/\/koch-autogruppe.de\" target=\"_blank\" rel=\"noreferrer noopener\">Autohaus Koch<\/a><\/p>\n<\/div><\/div>\n\n\n\n<hr class=\"wp-block-separator has-alpha-channel-opacity\"\/>\n\n\n\n<div class=\"wp-block-media-text alignwide is-stacked-on-mobile\"><figure class=\"wp-block-media-text__media\"><img loading=\"lazy\" decoding=\"async\" width=\"300\" height=\"227\" src=\"https:\/\/tsv-braunsbach.de\/wp-content\/uploads\/2023\/05\/Outlet_Logo_small.jpg\" alt=\"\" class=\"wp-image-337 size-full\"\/><\/figure><div class=\"wp-block-media-text__content\">\n<p><a href=\"https:\/\/outlet-hohenlohe.de\" data-type=\"link\" data-id=\"https:\/\/outlet-hohenlohe.de\" target=\"_blank\" rel=\"noreferrer noopener\">Outlet Hohenlohe<\/a><\/p>\n<\/div><\/div>\n\n\n\n<hr class=\"wp-block-separator has-alpha-channel-opacity\"\/>\n\n\n\n<div class=\"wp-block-media-text alignwide is-stacked-on-mobile\"><figure class=\"wp-block-media-text__media\"><img loading=\"lazy\" decoding=\"async\" width=\"1024\" height=\"332\" src=\"http:\/\/wp.tsv-braunsbach.de\/wp-content\/uploads\/2023\/05\/image002-1024x332.jpg\" alt=\"\" class=\"wp-image-336 size-full\" srcset=\"https:\/\/tsv-braunsbach.de\/wp-content\/uploads\/2023\/05\/image002-1024x332.jpg 1024w, https:\/\/tsv-braunsbach.de\/wp-content\/uploads\/2023\/05\/image002-300x97.jpg 300w, https:\/\/tsv-braunsbach.de\/wp-content\/uploads\/2023\/05\/image002-768x249.jpg 768w, https:\/\/tsv-braunsbach.de\/wp-content\/uploads\/2023\/05\/image002-1536x498.jpg 1536w, https:\/\/tsv-braunsbach.de\/wp-content\/uploads\/2023\/05\/image002.jpg 1621w\" sizes=\"auto, (max-width: 1024px) 100vw, 1024px\" \/><\/figure><div class=\"wp-block-media-text__content\">\n<p><a href=\"https:\/\/paul-kleinknecht.de\" data-type=\"link\" data-id=\"https:\/\/paul-kleinknecht.de\" target=\"_blank\" rel=\"noreferrer noopener\">Kleinknecht<\/a><\/p>\n<\/div><\/div>\n\n\n\n<hr class=\"wp-block-separator has-alpha-channel-opacity\"\/>\n\n\n\n<div class=\"wp-block-media-text is-stacked-on-mobile\"><figure class=\"wp-block-media-text__media\"><\/figure><div class=\"wp-block-media-text__content\">\n<p>Dr. Edith Klein, Zahn\u00e4rztin<\/p>\n<\/div><\/div>\n\n\n\n<hr class=\"wp-block-separator has-alpha-channel-opacity\"\/>\n\n\n\n<div class=\"wp-block-media-text is-stacked-on-mobile\"><figure class=\"wp-block-media-text__media\"><\/figure><div class=\"wp-block-media-text__content\">\n<p><a href=\"https:\/\/www.krone-enslingen.de\/\">Landgasthof Krone, Enslingen<\/a><\/p>\n<\/div><\/div>\n\n\n\n<hr class=\"wp-block-separator has-alpha-channel-opacity\"\/>\n\n\n\n<div class=\"wp-block-media-text is-stacked-on-mobile\"><figure class=\"wp-block-media-text__media\"><img loading=\"lazy\" decoding=\"async\" width=\"1024\" height=\"301\" src=\"https:\/\/tsv-braunsbach.de\/wp-content\/uploads\/2025\/06\/Bildschirmfoto-2025-06-22-um-14.36.12-1024x301.png\" alt=\"\" class=\"wp-image-959 size-full\" srcset=\"https:\/\/tsv-braunsbach.de\/wp-content\/uploads\/2025\/06\/Bildschirmfoto-2025-06-22-um-14.36.12-1024x301.png 1024w, https:\/\/tsv-braunsbach.de\/wp-content\/uploads\/2025\/06\/Bildschirmfoto-2025-06-22-um-14.36.12-300x88.png 300w, https:\/\/tsv-braunsbach.de\/wp-content\/uploads\/2025\/06\/Bildschirmfoto-2025-06-22-um-14.36.12-768x225.png 768w, https:\/\/tsv-braunsbach.de\/wp-content\/uploads\/2025\/06\/Bildschirmfoto-2025-06-22-um-14.36.12-1536x451.png 1536w, https:\/\/tsv-braunsbach.de\/wp-content\/uploads\/2025\/06\/Bildschirmfoto-2025-06-22-um-14.36.12.png 1608w\" sizes=\"auto, (max-width: 1024px) 100vw, 1024px\" \/><\/figure><div class=\"wp-block-media-text__content\">\n<p><a href=\"https:\/\/ihr-pflegedienst.de\/\" data-type=\"link\" data-id=\"https:\/\/ihr-pflegedienst.de\/\">Pflegedienst Krimmer, Braunsbach<\/a><\/p>\n<\/div><\/div>\n\n\n\n<hr class=\"wp-block-separator has-alpha-channel-opacity\"\/>\n\n\n\n<p><\/p>\n","protected":false},"excerpt":{"rendered":"<p>Der TSV Braunsbach bedankt sich bei seinen Sponsoren. Haustechnik Wolf B\u00e4ckerei Kretzschmar Sonnenblume Stuckateur M\u00fcller Barthau Anh\u00e4nger Hohenloher Aktivtours Hohenloher Energieversorgung Haller L\u00f6wenbr\u00e4u Holzbau Beck&hellip;<\/p>\n","protected":false},"author":1,"featured_media":0,"parent":0,"menu_order":0,"comment_status":"closed","ping_status":"closed","template":"","meta":{"_seopress_robots_primary_cat":"","_seopress_titles_title":"","_seopress_titles_desc":"","_seopress_robots_index":"","footnotes":""},"class_list":["post-199","page","type-page","status-publish","hentry"],"_links":{"self":[{"href":"https:\/\/tsv-braunsbach.de\/index.php?rest_route=\/wp\/v2\/pages\/199","targetHints":{"allow":["GET"]}}],"collection":[{"href":"https:\/\/tsv-braunsbach.de\/index.php?rest_route=\/wp\/v2\/pages"}],"about":[{"href":"https:\/\/tsv-braunsbach.de\/index.php?rest_route=\/wp\/v2\/types\/page"}],"author":[{"embeddable":true,"href":"https:\/\/tsv-braunsbach.de\/index.php?rest_route=\/wp\/v2\/users\/1"}],"replies":[{"embeddable":true,"href":"https:\/\/tsv-braunsbach.de\/index.php?rest_route=%2Fwp%2Fv2%2Fcomments&post=199"}],"version-history":[{"count":38,"href":"https:\/\/tsv-braunsbach.de\/index.php?rest_route=\/wp\/v2\/pages\/199\/revisions"}],"predecessor-version":[{"id":960,"href":"https:\/\/tsv-braunsbach.de\/index.php?rest_route=\/wp\/v2\/pages\/199\/revisions\/960"}],"wp:attachment":[{"href":"https:\/\/tsv-braunsbach.de\/index.php?rest_route=%2Fwp%2Fv2%2Fmedia&parent=199"}],"curies":[{"name":"wp","href":"https:\/\/api.w.org\/{rel}","templated":true}]}}