{"id":124,"date":"2023-02-16T21:22:55","date_gmt":"2023-02-16T21:22:55","guid":{"rendered":"http:\/\/wp.tsv-braunsbach.de\/?page_id=124"},"modified":"2023-05-17T16:42:43","modified_gmt":"2023-05-17T16:42:43","slug":"funktionelle-gymnastik","status":"publish","type":"page","link":"https:\/\/tsv-braunsbach.de\/?page_id=124","title":{"rendered":"Funktionelle Gymnastik"},"content":{"rendered":"\n<p>Die Muskeln geschmeidig und den K\u00f6rper gelenkig zu erhalten ist lebenswichtig f\u00fcr die Gesundheit!<\/p>\n\n\n\n<p>Unser Programm beinhaltet gymnastische \u00dcbungen, mit denen wir die k\u00f6rperliche und geistige Leistungsf\u00e4higkeit verbessern.<\/p>\n\n\n\n<p>Kommen und sp\u00fcren Sie die wohltuende Wirkung eines vielseitigen Ganzk\u00f6rpertrainings mit und ohne Kleinger\u00e4te.<\/p>\n\n\n\n<figure class=\"wp-block-table\"><table><tbody><tr><td>Termin:&nbsp;<\/td><td>Montag 19:00 &#8211; 20:00 Uhr&nbsp;<\/td><\/tr><tr><td>&nbsp;Ort:<\/td><td>Rosensteinsaal Burgenlandhalle Braunsbach<\/td><\/tr><tr><td>Kursleitung:\u00a0<\/td><td>Melanie Limbach (\u00dcbungsleiterin C Breitensport)<br>Christina Kircher-Hilden (\u00dcbungsleiterin Breitensport)<\/td><\/tr><tr><td>Ansprechpartnerin:&nbsp;<\/td><td>Erika Hirschbach\u00a0<br>Tel. 07906\/1320<\/td><\/tr><\/tbody><\/table><\/figure>\n","protected":false},"excerpt":{"rendered":"<p>Die Muskeln geschmeidig und den K\u00f6rper gelenkig zu erhalten ist lebenswichtig f\u00fcr die Gesundheit! Unser Programm beinhaltet gymnastische \u00dcbungen, mit denen wir die k\u00f6rperliche und&hellip;<\/p>\n","protected":false},"author":1,"featured_media":0,"parent":0,"menu_order":0,"comment_status":"closed","ping_status":"closed","template":"","meta":{"_seopress_robots_primary_cat":"","_seopress_titles_title":"","_seopress_titles_desc":"","_seopress_robots_index":"","footnotes":""},"class_list":["post-124","page","type-page","status-publish","hentry"],"_links":{"self":[{"href":"https:\/\/tsv-braunsbach.de\/index.php?rest_route=\/wp\/v2\/pages\/124","targetHints":{"allow":["GET"]}}],"collection":[{"href":"https:\/\/tsv-braunsbach.de\/index.php?rest_route=\/wp\/v2\/pages"}],"about":[{"href":"https:\/\/tsv-braunsbach.de\/index.php?rest_route=\/wp\/v2\/types\/page"}],"author":[{"embeddable":true,"href":"https:\/\/tsv-braunsbach.de\/index.php?rest_route=\/wp\/v2\/users\/1"}],"replies":[{"embeddable":true,"href":"https:\/\/tsv-braunsbach.de\/index.php?rest_route=%2Fwp%2Fv2%2Fcomments&post=124"}],"version-history":[{"count":2,"href":"https:\/\/tsv-braunsbach.de\/index.php?rest_route=\/wp\/v2\/pages\/124\/revisions"}],"predecessor-version":[{"id":296,"href":"https:\/\/tsv-braunsbach.de\/index.php?rest_route=\/wp\/v2\/pages\/124\/revisions\/296"}],"wp:attachment":[{"href":"https:\/\/tsv-braunsbach.de\/index.php?rest_route=%2Fwp%2Fv2%2Fmedia&parent=124"}],"curies":[{"name":"wp","href":"https:\/\/api.w.org\/{rel}","templated":true}]}}