{"id":123,"date":"2023-02-16T21:22:55","date_gmt":"2023-02-16T21:22:55","guid":{"rendered":"http:\/\/wp.tsv-braunsbach.de\/?page_id=123"},"modified":"2023-05-17T16:41:24","modified_gmt":"2023-05-17T16:41:24","slug":"boule","status":"publish","type":"page","link":"https:\/\/tsv-braunsbach.de\/?page_id=123","title":{"rendered":"Boule"},"content":{"rendered":"\n<p>Unter Boule verstehen wir ein auf \u00f6ffentlichen Pl\u00e4tzen ausgetragenes Freizeit-Kugel-Spiel, analog dem franz\u00f6sischen P\u00e9tanque.<\/p>\n\n\n\n<p>Bei Boule spielen zwei Mannschaften oder Formationen gegeneinander, die aus ein bis vier Spielern bestehen. Ziel ist es, mit den eigenen Kugeln m\u00f6glichst nah an eine Zielkugel zu gelangen. Die Zielkugel und die gegnerischen Kugeln k\u00f6nnen dabei auch herausgedr\u00fcckt oder weggeschossen werden.<\/p>\n\n\n\n<p>(vgl.&nbsp;https:\/\/de.wikipedia.org\/wiki\/Boule-Spiel)<\/p>\n\n\n\n<figure class=\"wp-block-image\"><img decoding=\"async\" src=\"http:\/\/tsv-braunsbach.com\/images\/background_boule.jpg\" alt=\"\"\/><\/figure>\n\n\n\n<figure class=\"wp-block-table\"><table><tbody><tr><td>Termin:&nbsp;<\/td><td>Donnerstag, ab 16:00 Uhr<\/td><\/tr><tr><td>Ort:<\/td><td>Sportpark Braunsbach<\/td><\/tr><tr><td>&nbsp;Ansprechpartner:<\/td><td>\u00a0Erich Anzer<br>Tel.: 07906\/8238<br>\u00a0info@tsv-braunsbach.de<\/td><\/tr><\/tbody><\/table><\/figure>\n","protected":false},"excerpt":{"rendered":"<p>Unter Boule verstehen wir ein auf \u00f6ffentlichen Pl\u00e4tzen ausgetragenes Freizeit-Kugel-Spiel, analog dem franz\u00f6sischen P\u00e9tanque. Bei Boule spielen zwei Mannschaften oder Formationen gegeneinander, die aus ein&hellip;<\/p>\n","protected":false},"author":1,"featured_media":0,"parent":0,"menu_order":0,"comment_status":"closed","ping_status":"closed","template":"","meta":{"_seopress_robots_primary_cat":"","_seopress_titles_title":"","_seopress_titles_desc":"","_seopress_robots_index":"","footnotes":""},"class_list":["post-123","page","type-page","status-publish","hentry"],"_links":{"self":[{"href":"https:\/\/tsv-braunsbach.de\/index.php?rest_route=\/wp\/v2\/pages\/123","targetHints":{"allow":["GET"]}}],"collection":[{"href":"https:\/\/tsv-braunsbach.de\/index.php?rest_route=\/wp\/v2\/pages"}],"about":[{"href":"https:\/\/tsv-braunsbach.de\/index.php?rest_route=\/wp\/v2\/types\/page"}],"author":[{"embeddable":true,"href":"https:\/\/tsv-braunsbach.de\/index.php?rest_route=\/wp\/v2\/users\/1"}],"replies":[{"embeddable":true,"href":"https:\/\/tsv-braunsbach.de\/index.php?rest_route=%2Fwp%2Fv2%2Fcomments&post=123"}],"version-history":[{"count":2,"href":"https:\/\/tsv-braunsbach.de\/index.php?rest_route=\/wp\/v2\/pages\/123\/revisions"}],"predecessor-version":[{"id":295,"href":"https:\/\/tsv-braunsbach.de\/index.php?rest_route=\/wp\/v2\/pages\/123\/revisions\/295"}],"wp:attachment":[{"href":"https:\/\/tsv-braunsbach.de\/index.php?rest_route=%2Fwp%2Fv2%2Fmedia&parent=123"}],"curies":[{"name":"wp","href":"https:\/\/api.w.org\/{rel}","templated":true}]}}