{"id":122,"date":"2023-02-16T21:22:55","date_gmt":"2023-02-16T21:22:55","guid":{"rendered":"http:\/\/wp.tsv-braunsbach.de\/?page_id=122"},"modified":"2026-01-23T09:27:21","modified_gmt":"2026-01-23T09:27:21","slug":"kundalini-yoga","status":"publish","type":"page","link":"https:\/\/tsv-braunsbach.de\/?page_id=122","title":{"rendered":"Kundalini Yoga"},"content":{"rendered":"\n<p>Kundalini-Yoga ist eine intensive Yoga-Form, in deren Mittelpunkt das Muskeltraining \u00fcber dynamische<\/p>\n\n\n\n<p>K\u00f6rper\u00fcbungen und der dazu begleitenden Atmung steht. Die Ausdauer wird trainiert, der Stoffwechsel angeregt, das<\/p>\n\n\n\n<p>Nervensystem gest\u00e4rkt und dabei ein intensives K\u00f6rpergef\u00fchl erzielt.<\/p>\n\n\n\n<p>Kundalini Yoga f\u00f6rdert die innere Stabilit\u00e4t und f\u00fchrt zu mehr Ruhe und Gelassenheit.<\/p>\n\n\n\n<p>Nach einer Einstimmung und einer \u00dcbungsreihe runden Tiefenentspannung und Meditation die Stunde ab.<\/p>\n\n\n\n<p>Bitte mitbringen: warme und bequeme Sportbekleidung, warme Socken, Decke, Matte, Getr\u00e4nk<\/p>\n\n\n\n<figure class=\"wp-block-table\"><table><tbody><tr><td>Termin:&nbsp;<\/td><td>Dienstag 19:00 &#8211; 20:15 Uhr<\/td><\/tr><tr><td>Ort:&nbsp;<\/td><td>B\u00fcrgerhaus Jungholzhausen<\/td><\/tr><tr><td>Kursleiterin:&nbsp;<\/td><td>Kristin Hiller (Kundalini Instructor [KBI])<br>Tel. 07906\/892399<br>kristin.hiller@tsv-braunsbach.de<\/td><\/tr><tr><td>Kursgeb\u00fchren:<\/td><td>Mitglieder 50 EUR \/ 10 Einheiten<br>Nichtmitglieder 80 EUR \/ 10 Einheiten<\/td><\/tr><\/tbody><\/table><\/figure>\n","protected":false},"excerpt":{"rendered":"<p>Kundalini-Yoga ist eine intensive Yoga-Form, in deren Mittelpunkt das Muskeltraining \u00fcber dynamische K\u00f6rper\u00fcbungen und der dazu begleitenden Atmung steht. Die Ausdauer wird trainiert, der Stoffwechsel&hellip;<\/p>\n","protected":false},"author":1,"featured_media":0,"parent":0,"menu_order":0,"comment_status":"closed","ping_status":"closed","template":"","meta":{"_seopress_robots_primary_cat":"","_seopress_titles_title":"","_seopress_titles_desc":"","_seopress_robots_index":"","footnotes":""},"class_list":["post-122","page","type-page","status-publish","hentry"],"_links":{"self":[{"href":"https:\/\/tsv-braunsbach.de\/index.php?rest_route=\/wp\/v2\/pages\/122","targetHints":{"allow":["GET"]}}],"collection":[{"href":"https:\/\/tsv-braunsbach.de\/index.php?rest_route=\/wp\/v2\/pages"}],"about":[{"href":"https:\/\/tsv-braunsbach.de\/index.php?rest_route=\/wp\/v2\/types\/page"}],"author":[{"embeddable":true,"href":"https:\/\/tsv-braunsbach.de\/index.php?rest_route=\/wp\/v2\/users\/1"}],"replies":[{"embeddable":true,"href":"https:\/\/tsv-braunsbach.de\/index.php?rest_route=%2Fwp%2Fv2%2Fcomments&post=122"}],"version-history":[{"count":3,"href":"https:\/\/tsv-braunsbach.de\/index.php?rest_route=\/wp\/v2\/pages\/122\/revisions"}],"predecessor-version":[{"id":1136,"href":"https:\/\/tsv-braunsbach.de\/index.php?rest_route=\/wp\/v2\/pages\/122\/revisions\/1136"}],"wp:attachment":[{"href":"https:\/\/tsv-braunsbach.de\/index.php?rest_route=%2Fwp%2Fv2%2Fmedia&parent=122"}],"curies":[{"name":"wp","href":"https:\/\/api.w.org\/{rel}","templated":true}]}}