{"id":121,"date":"2023-02-16T21:22:55","date_gmt":"2023-02-16T21:22:55","guid":{"rendered":"http:\/\/wp.tsv-braunsbach.de\/?page_id=121"},"modified":"2023-05-17T16:54:50","modified_gmt":"2023-05-17T16:54:50","slug":"yoga-auf-dem-stuhl","status":"publish","type":"page","link":"https:\/\/tsv-braunsbach.de\/?page_id=121","title":{"rendered":"Yoga auf dem Stuhl"},"content":{"rendered":"\n<p>Yoga ist ein ganzheitlicher Weg zur k\u00f6rperlichen und seelischen Gesundheit. Im Yoga geht es um Bewegung, Atem, Achtsamkeit, Entspannung und Innehalten. Dies f\u00fchrt zu tieferem Bewusstsein, Zufriedenheit und Wohlbefinden.<br>Yoga ist eine Philosophie, eine Lehre, die aus Indien stammt und mehrere tausend Jahre alt ist.&nbsp;Sie beinhaltet k\u00f6rperliche \u00dcbungen (Asanas), Atemtechniken (Pranayama), Konzentrations\u00fcbungen und Meditation.<br>Der Kurs ist f\u00fcr Anf\u00e4nger\/innen und Fortgeschrittene aller Altersstufen geeignet.<\/p>\n\n\n\n<p><strong>Der Kurs ist f\u00fcr alle, die Yoga\u00fcbungen nicht mehr so gut am Boden ausf\u00fchren k\u00f6nnen und trotzdem ihre k\u00f6rperliche und geistige Beweglichkeit trainieren m\u00f6chten.<\/strong><\/p>\n\n\n\n<p>Bitte mitbringen: bequeme Kleidung und warme Socken<\/p>\n\n\n\n<figure class=\"wp-block-table\"><table><tbody><tr><td>Termin:&nbsp;<\/td><td>Mittwoch 17:00 &#8211; 18:00 Uhr<\/td><\/tr><tr><td>Ort:&nbsp;<\/td><td>B\u00fcrgerhaus Steinkirchen<\/td><\/tr><tr><td>Kursleiterin:&nbsp;<\/td><td>Beate Duis (Sporttherapeutin, Gesundheitsp\u00e4dagogin, Yogalehrerin [DTB])<br>Tel. 07906\/941767<br>beate.duis@tsv-braunsbach.de<\/td><\/tr><tr><td>Kursgeb\u00fchr:&nbsp;&nbsp;<\/td><td>Mitglieder 40 EUR\/10 Einheiten<br>Nichtmitglieder 50 EUR\/10 Einheiten<\/td><\/tr><\/tbody><\/table><\/figure>\n","protected":false},"excerpt":{"rendered":"<p>Yoga ist ein ganzheitlicher Weg zur k\u00f6rperlichen und seelischen Gesundheit. Im Yoga geht es um Bewegung, Atem, Achtsamkeit, Entspannung und Innehalten. Dies f\u00fchrt zu tieferem&hellip;<\/p>\n","protected":false},"author":1,"featured_media":0,"parent":0,"menu_order":0,"comment_status":"closed","ping_status":"closed","template":"","meta":{"_seopress_robots_primary_cat":"","_seopress_titles_title":"","_seopress_titles_desc":"","_seopress_robots_index":"","footnotes":""},"class_list":["post-121","page","type-page","status-publish","hentry"],"_links":{"self":[{"href":"https:\/\/tsv-braunsbach.de\/index.php?rest_route=\/wp\/v2\/pages\/121","targetHints":{"allow":["GET"]}}],"collection":[{"href":"https:\/\/tsv-braunsbach.de\/index.php?rest_route=\/wp\/v2\/pages"}],"about":[{"href":"https:\/\/tsv-braunsbach.de\/index.php?rest_route=\/wp\/v2\/types\/page"}],"author":[{"embeddable":true,"href":"https:\/\/tsv-braunsbach.de\/index.php?rest_route=\/wp\/v2\/users\/1"}],"replies":[{"embeddable":true,"href":"https:\/\/tsv-braunsbach.de\/index.php?rest_route=%2Fwp%2Fv2%2Fcomments&post=121"}],"version-history":[{"count":2,"href":"https:\/\/tsv-braunsbach.de\/index.php?rest_route=\/wp\/v2\/pages\/121\/revisions"}],"predecessor-version":[{"id":307,"href":"https:\/\/tsv-braunsbach.de\/index.php?rest_route=\/wp\/v2\/pages\/121\/revisions\/307"}],"wp:attachment":[{"href":"https:\/\/tsv-braunsbach.de\/index.php?rest_route=%2Fwp%2Fv2%2Fmedia&parent=121"}],"curies":[{"name":"wp","href":"https:\/\/api.w.org\/{rel}","templated":true}]}}