{"id":120,"date":"2023-02-16T21:22:55","date_gmt":"2023-02-16T21:22:55","guid":{"rendered":"http:\/\/wp.tsv-braunsbach.de\/?page_id=120"},"modified":"2023-05-17T16:51:28","modified_gmt":"2023-05-17T16:51:28","slug":"hatha-yoga","status":"publish","type":"page","link":"https:\/\/tsv-braunsbach.de\/?page_id=120","title":{"rendered":"Hatha Yoga"},"content":{"rendered":"\n<p>Yoga ist ein ganzheitlicher Weg zur k\u00f6rperlichen und seelischen Gesundheit. Im Yoga geht es um Bewegung, Atem, Achtsamkeit, Entspannung und Innehalten. Dies f\u00fchrt zu tieferem Bewusstsein, Zufriedenheit und Wohlbefinden. Yoga ist eine Philosophie, eine Lehre, die aus Indien stammt und mehrere tausend Jahre alt ist. Sie beinhaltet k\u00f6rperliche \u00dcbungen (Asanas), Atemtechniken (Pranayama), Konzentrations\u00fcbungen und Meditation.<\/p>\n\n\n\n<p>Der Kurs ist f\u00fcr Anf\u00e4nger\/innen und Fortgeschrittene aller Altersstufen geeignet.<\/p>\n\n\n\n<p>Bitte mitbringen: bequeme Kleidung, Matte, warme Socken, evtl. eine Decke und ein Sitzkissen.<\/p>\n\n\n\n<figure class=\"wp-block-table\"><table><tbody><tr><td>Termin:&nbsp;<\/td><td>Mittwoch 18:30 &#8211; 19:45 Uhr sowie 20:00 &#8211; 21:15 Uhr<\/td><\/tr><tr><td>Ort:&nbsp;<\/td><td>B\u00fcrgerhaus Steinkirchen<\/td><\/tr><tr><td>Kursleiterin:&nbsp;<\/td><td>Beate Duis (Sporttherapeutin, Gesundheitsp\u00e4dagogin, Yogalehrerin [DTB])<br>Tel. 07906\/941767<br>beate.duis@tsv-braunsbach.de<\/td><\/tr><tr><td>Kursgeb\u00fchr:&nbsp;<\/td><td>Mitglieder 50 EUR \/ 10 Einheiten<br>Nichtmitglieder 80 EUR \/ 10 Einheiten<\/td><\/tr><\/tbody><\/table><\/figure>\n","protected":false},"excerpt":{"rendered":"<p>Yoga ist ein ganzheitlicher Weg zur k\u00f6rperlichen und seelischen Gesundheit. Im Yoga geht es um Bewegung, Atem, Achtsamkeit, Entspannung und Innehalten. Dies f\u00fchrt zu tieferem&hellip;<\/p>\n","protected":false},"author":1,"featured_media":0,"parent":0,"menu_order":0,"comment_status":"closed","ping_status":"closed","template":"","meta":{"_seopress_robots_primary_cat":"","_seopress_titles_title":"","_seopress_titles_desc":"","_seopress_robots_index":"","footnotes":""},"class_list":["post-120","page","type-page","status-publish","hentry"],"_links":{"self":[{"href":"https:\/\/tsv-braunsbach.de\/index.php?rest_route=\/wp\/v2\/pages\/120","targetHints":{"allow":["GET"]}}],"collection":[{"href":"https:\/\/tsv-braunsbach.de\/index.php?rest_route=\/wp\/v2\/pages"}],"about":[{"href":"https:\/\/tsv-braunsbach.de\/index.php?rest_route=\/wp\/v2\/types\/page"}],"author":[{"embeddable":true,"href":"https:\/\/tsv-braunsbach.de\/index.php?rest_route=\/wp\/v2\/users\/1"}],"replies":[{"embeddable":true,"href":"https:\/\/tsv-braunsbach.de\/index.php?rest_route=%2Fwp%2Fv2%2Fcomments&post=120"}],"version-history":[{"count":2,"href":"https:\/\/tsv-braunsbach.de\/index.php?rest_route=\/wp\/v2\/pages\/120\/revisions"}],"predecessor-version":[{"id":305,"href":"https:\/\/tsv-braunsbach.de\/index.php?rest_route=\/wp\/v2\/pages\/120\/revisions\/305"}],"wp:attachment":[{"href":"https:\/\/tsv-braunsbach.de\/index.php?rest_route=%2Fwp%2Fv2%2Fmedia&parent=120"}],"curies":[{"name":"wp","href":"https:\/\/api.w.org\/{rel}","templated":true}]}}