{"id":117,"date":"2023-02-16T21:22:55","date_gmt":"2023-02-16T21:22:55","guid":{"rendered":"http:\/\/wp.tsv-braunsbach.de\/?page_id=117"},"modified":"2023-10-16T17:59:37","modified_gmt":"2023-10-16T17:59:37","slug":"zumba-fitness","status":"publish","type":"page","link":"https:\/\/tsv-braunsbach.de\/?page_id=117","title":{"rendered":"Zumba Fitness"},"content":{"rendered":"\n<p>Zumba\u00ae Fitness ist ein mitrei\u00dfendes Workout, das die Welt im Sturm erobert hat. Dieses unglaubliche, vom Tanz inspirierte, kalorienverbrennende,muskelformende Ganzk\u00f6rper-Training f\u00fchlt sich nicht nacheinem anstrengenden Workout an, weil es so viel Spa\u00df macht!<\/p>\n\n\n\n<p><br>Das Zumba\u00ae Fitness Programm wurde in den 90er Jahren von dem Kolumbianer Alberto &#8222;Beto&#8220; Perez entwickelt, einem Fitness-Trainer mit vielen prominenten Kunden, der auch als Choreograph f\u00fcr internationale Superstars der Popmusik t\u00e4tig ist. Angeregt durch die traditionelle Musik seiner Heimat &#8211; Cumbia, Salsa, Samba und Merengue &#8211; kombinierte Beto die feurigen, lateinamerikanischen Rhythmen, die ihm am besten gefielen, mit den hei\u00dfen Tanzschritten, die seine internationalen Kunden<br>liebten.<br><br>Testen auch Sie das einzigartige Programm!<\/p>\n\n\n\n<h2 class=\"wp-block-heading\">ZUMBA\u00ae fitness<\/h2>\n\n\n\n<p><br>Sie sind bereits ZUMBA\u00ae oder Tanz erfahren? Sie sind bereits heute sportlich aktiv ?<\/p>\n\n\n\n<p>Dann starten Sie durch mit ZUMBA\u00ae fitness &#8211; tanzen Sie sich fit!<\/p>\n\n\n\n<p>Vergessen Sie das herk\u00f6mmliche Training, lassen Sie sich von der Musik treiben und bringen Sie sich in Form \u2013bei der originalen Tanz-Fitnessparty. Im Zumba\u00ae Kurs erwartet Sie exotische Kl\u00e4nge zu kraftvollen Latino-Rhythmen und internationalen Beats kombiniert mit Cumbia, Salsa, Samba und Merengue.<\/p>\n\n\n\n<p>Ehe Sie sich versehen, steigern Sie Ihre Kondition und Energie. Der Einstieg ist einfach, das Training ist effektiv und macht Spa\u00df.<\/p>\n\n\n\n<figure class=\"wp-block-table\"><table><tbody><tr><td>Termine:&nbsp;<\/td><td>Mittwoch 19:00 &#8211; 20:00 Uhr<\/td><\/tr><tr><td>&nbsp;Ort:<\/td><td>Rosensteinsaal Burgenlandhalle Braunsbach<\/td><\/tr><tr><td>Kursleiterin:&nbsp;<\/td><td>Elena Kr\u00fcger<br>Tel.: 0162\/9807003<\/td><\/tr><tr><td>&nbsp;Kursgeb\u00fchr:<\/td><td>Mitglieder 40 EUR \/ 10 Einheiten<br>Nichtmitglieder 60 EUR \/ 10 Einheiten<\/td><\/tr><\/tbody><\/table><\/figure>\n","protected":false},"excerpt":{"rendered":"<p>Zumba\u00ae Fitness ist ein mitrei\u00dfendes Workout, das die Welt im Sturm erobert hat. Dieses unglaubliche, vom Tanz inspirierte, kalorienverbrennende,muskelformende Ganzk\u00f6rper-Training f\u00fchlt sich nicht nacheinem anstrengenden&hellip;<\/p>\n","protected":false},"author":1,"featured_media":0,"parent":0,"menu_order":0,"comment_status":"closed","ping_status":"closed","template":"","meta":{"_seopress_robots_primary_cat":"","_seopress_titles_title":"","_seopress_titles_desc":"","_seopress_robots_index":"","footnotes":""},"class_list":["post-117","page","type-page","status-publish","hentry"],"_links":{"self":[{"href":"https:\/\/tsv-braunsbach.de\/index.php?rest_route=\/wp\/v2\/pages\/117","targetHints":{"allow":["GET"]}}],"collection":[{"href":"https:\/\/tsv-braunsbach.de\/index.php?rest_route=\/wp\/v2\/pages"}],"about":[{"href":"https:\/\/tsv-braunsbach.de\/index.php?rest_route=\/wp\/v2\/types\/page"}],"author":[{"embeddable":true,"href":"https:\/\/tsv-braunsbach.de\/index.php?rest_route=\/wp\/v2\/users\/1"}],"replies":[{"embeddable":true,"href":"https:\/\/tsv-braunsbach.de\/index.php?rest_route=%2Fwp%2Fv2%2Fcomments&post=117"}],"version-history":[{"count":3,"href":"https:\/\/tsv-braunsbach.de\/index.php?rest_route=\/wp\/v2\/pages\/117\/revisions"}],"predecessor-version":[{"id":507,"href":"https:\/\/tsv-braunsbach.de\/index.php?rest_route=\/wp\/v2\/pages\/117\/revisions\/507"}],"wp:attachment":[{"href":"https:\/\/tsv-braunsbach.de\/index.php?rest_route=%2Fwp%2Fv2%2Fmedia&parent=117"}],"curies":[{"name":"wp","href":"https:\/\/api.w.org\/{rel}","templated":true}]}}