{"id":116,"date":"2023-02-16T21:22:55","date_gmt":"2023-02-16T21:22:55","guid":{"rendered":"http:\/\/wp.tsv-braunsbach.de\/?page_id=116"},"modified":"2026-04-13T14:57:10","modified_gmt":"2026-04-13T14:57:10","slug":"bodyfitness","status":"publish","type":"page","link":"https:\/\/tsv-braunsbach.de\/?page_id=116","title":{"rendered":"Bodyfitness"},"content":{"rendered":"\n<p>Ausdauer- und Krafttraining mit Power!<\/p>\n\n\n\n<p>Dieser Kurs f\u00fchrt zu einer intensiven Kr\u00e4ftigung der wichtigsten Muskelgruppen. Einfache Kombinationen und der Einsatz von Kleinger\u00e4ten (B\u00e4llen,Tubes&#8230;), dazu motivierende Musik und los geht&#8217;s!<\/p>\n\n\n\n<figure class=\"wp-block-table\"><table><tbody><tr><td>Termin:&nbsp;<\/td><td>Donnerstag, 19:00-20:00 Uhr<\/td><\/tr><tr><td>&nbsp;Ort:<\/td><td>Burgenlandhalle Braunsbach<\/td><\/tr><tr><td>Kursleiterin:&nbsp;<\/td><td>Carina Spitzner<br>Tel. 0173\/6137137<\/td><\/tr><tr><td>Kursgeb\u00fchren:<\/td><td>Mitglieder 30 EUR \/ 10 Einheiten<br>Nichtmitglieder 50 EUR \/ 10 Einheiten<\/td><\/tr><\/tbody><\/table><\/figure>\n","protected":false},"excerpt":{"rendered":"<p>Ausdauer- und Krafttraining mit Power! Dieser Kurs f\u00fchrt zu einer intensiven Kr\u00e4ftigung der wichtigsten Muskelgruppen. Einfache Kombinationen und der Einsatz von Kleinger\u00e4ten (B\u00e4llen,Tubes&#8230;), dazu motivierende&hellip;<\/p>\n","protected":false},"author":1,"featured_media":0,"parent":0,"menu_order":0,"comment_status":"closed","ping_status":"closed","template":"","meta":{"_seopress_robots_primary_cat":"","_seopress_titles_title":"","_seopress_titles_desc":"","_seopress_robots_index":"","footnotes":""},"class_list":["post-116","page","type-page","status-publish","hentry"],"_links":{"self":[{"href":"https:\/\/tsv-braunsbach.de\/index.php?rest_route=\/wp\/v2\/pages\/116","targetHints":{"allow":["GET"]}}],"collection":[{"href":"https:\/\/tsv-braunsbach.de\/index.php?rest_route=\/wp\/v2\/pages"}],"about":[{"href":"https:\/\/tsv-braunsbach.de\/index.php?rest_route=\/wp\/v2\/types\/page"}],"author":[{"embeddable":true,"href":"https:\/\/tsv-braunsbach.de\/index.php?rest_route=\/wp\/v2\/users\/1"}],"replies":[{"embeddable":true,"href":"https:\/\/tsv-braunsbach.de\/index.php?rest_route=%2Fwp%2Fv2%2Fcomments&post=116"}],"version-history":[{"count":6,"href":"https:\/\/tsv-braunsbach.de\/index.php?rest_route=\/wp\/v2\/pages\/116\/revisions"}],"predecessor-version":[{"id":1215,"href":"https:\/\/tsv-braunsbach.de\/index.php?rest_route=\/wp\/v2\/pages\/116\/revisions\/1215"}],"wp:attachment":[{"href":"https:\/\/tsv-braunsbach.de\/index.php?rest_route=%2Fwp%2Fv2%2Fmedia&parent=116"}],"curies":[{"name":"wp","href":"https:\/\/api.w.org\/{rel}","templated":true}]}}