{"id":114,"date":"2023-02-16T21:22:55","date_gmt":"2023-02-16T21:22:55","guid":{"rendered":"http:\/\/wp.tsv-braunsbach.de\/?page_id=114"},"modified":"2026-01-23T09:24:28","modified_gmt":"2026-01-23T09:24:28","slug":"kickboxen-2","status":"publish","type":"page","link":"https:\/\/tsv-braunsbach.de\/?page_id=114","title":{"rendered":"Kickboxen"},"content":{"rendered":"\n<p>Kickboxen ist eine system\u00fcbergreifende Kampfsportart, die ihren Ursprung in den USA hat und Mitte der 70er Einzug in Deutschland hielt. Wie der Name schon sagt, verbindet es das Schlagen (aus dem Boxen) und das Treten ( aus asiatischen Kampfsportarten) zu sinnvollen Kombinationen. Aus den verschiedensten Stilen wurden Tritte entnommen und verbessert, in manchen Kickbox-Disziplinen sind sogar W\u00fcrfe und Feger integriert worden. Durch die Fusion zwischen den Faust- und Fu\u00dftechniken ist Kickboxen zu einer sehr effektiven Kampfsportart geworden.<\/p>\n\n\n\n<p>Kickboxen ist aber auch ein sportlich fairer Wettkampf nach festen Regeln, der ein hohes technisches K\u00f6nnen, eine gute Kondition und ausgereifte Kombinationsf\u00e4higkeit sowie Reaktionsf\u00e4higkeit<\/p>\n\n\n\n<p>erfordert. Es ist f\u00fcr Damen und Herren als auch Jugendliche und Kinder gleicherma\u00dfen geeignet.<\/p>\n\n\n\n<p>Kickboxen ist ein Ganzk\u00f6rper-Fitnesstraining! Es f\u00f6rdert die konditionellen F\u00e4higkeiten, die Schnellkraft und Ausdauer. Geschicklichkeit und Reaktionsschnelligkeit werden geschult, sowie Mut, Selbstvertrauen und Entschlossenheit. Bei uns steht der Spa\u00df am Sport im Vordergrund, daher verzichten wir auf die hierarchisch traditionelle und drillende Ausbildung, trotzdem vermitteln wir das gegenseitige &#8222;Respekt zollen\u201c.<\/p>\n\n\n\n<p>Wir integrieren KickboxerInnen aus unserem Team, sofern der Wunsch besteht, regelm\u00e4\u00dfig auf Wettk\u00e4mpfen. Zu unseren Erfolgen z\u00e4hlen: Newcomersieger, Baden W\u00fcrttembergische, Hessische, S\u00fcddeutsche und Deutsche Meister, Dreil\u00e4ndercup und German Cup Sieger, sowie dritte Pl\u00e4tze auf Weltmeisterschafften.<\/p>\n\n\n\n<p>Da es jedoch auch Personen gibt welche weder auf die Matte, geschweige denn in den Ring wollen, ist es f\u00fcr uns selbstverst\u00e4ndlich, diesem Personenkreis Kickboxen als reines Fitness- und Ausdauerprogramm anzubieten.<\/p>\n\n\n\n<h1 class=\"wp-block-heading\">Termine<\/h1>\n\n\n\n<figure class=\"wp-block-table\"><table><tbody><tr><td>Kinder 7-14 Jahre, Anf\u00e4nger und Fortgeschrittene<\/td><td>Montag &amp; Mittwoch, 18:15 &#8211; 19:15 Uhr<\/td><\/tr><tr><td>Erwachsene und Jugend Anf\u00e4nger und Fortgeschrittene<\/td><td>Montag, Mittwoch &amp; Freitag, 19:30 &#8211; 21:00 Uhr<\/td><\/tr><\/tbody><\/table><\/figure>\n\n\n\n<h1 class=\"wp-block-heading\">Ansprechpartner<\/h1>\n\n\n\n<p>David Wakan, david.wakan@tsv-braunsbach.de<\/p>\n","protected":false},"excerpt":{"rendered":"<p>Kickboxen ist eine system\u00fcbergreifende Kampfsportart, die ihren Ursprung in den USA hat und Mitte der 70er Einzug in Deutschland hielt. Wie der Name schon sagt,&hellip;<\/p>\n","protected":false},"author":1,"featured_media":0,"parent":0,"menu_order":0,"comment_status":"closed","ping_status":"closed","template":"","meta":{"_seopress_robots_primary_cat":"","_seopress_titles_title":"","_seopress_titles_desc":"","_seopress_robots_index":"","footnotes":""},"class_list":["post-114","page","type-page","status-publish","hentry"],"_links":{"self":[{"href":"https:\/\/tsv-braunsbach.de\/index.php?rest_route=\/wp\/v2\/pages\/114","targetHints":{"allow":["GET"]}}],"collection":[{"href":"https:\/\/tsv-braunsbach.de\/index.php?rest_route=\/wp\/v2\/pages"}],"about":[{"href":"https:\/\/tsv-braunsbach.de\/index.php?rest_route=\/wp\/v2\/types\/page"}],"author":[{"embeddable":true,"href":"https:\/\/tsv-braunsbach.de\/index.php?rest_route=\/wp\/v2\/users\/1"}],"replies":[{"embeddable":true,"href":"https:\/\/tsv-braunsbach.de\/index.php?rest_route=%2Fwp%2Fv2%2Fcomments&post=114"}],"version-history":[{"count":4,"href":"https:\/\/tsv-braunsbach.de\/index.php?rest_route=\/wp\/v2\/pages\/114\/revisions"}],"predecessor-version":[{"id":1134,"href":"https:\/\/tsv-braunsbach.de\/index.php?rest_route=\/wp\/v2\/pages\/114\/revisions\/1134"}],"wp:attachment":[{"href":"https:\/\/tsv-braunsbach.de\/index.php?rest_route=%2Fwp%2Fv2%2Fmedia&parent=114"}],"curies":[{"name":"wp","href":"https:\/\/api.w.org\/{rel}","templated":true}]}}