{"id":113,"date":"2023-02-16T21:22:55","date_gmt":"2023-02-16T21:22:55","guid":{"rendered":"http:\/\/wp.tsv-braunsbach.de\/?page_id=113"},"modified":"2023-05-17T16:27:31","modified_gmt":"2023-05-17T16:27:31","slug":"walking","status":"publish","type":"page","link":"https:\/\/tsv-braunsbach.de\/?page_id=113","title":{"rendered":"Walking"},"content":{"rendered":"\n<p>Walking (englisch f\u00fcr gehen) ist eine international wie auch im deutschen Sprachraum als Lehnwort gebr\u00e4uchliche Bezeichnung f\u00fcr die Breitensport-Variante der wettkampforientierten Sportart Gehen. Analog zum Substantiv wurde umgangssprachlich auch das Verb walken unter Beibehaltung der Aussprache, jedoch mit deutscher Flexion aus dem Englischen \u00fcbernommen.<\/p>\n\n\n\n<p>Naturgem\u00e4\u00df wird bei der Freizeit-Sportart Walken eine h\u00f6here Geschwindigkeit angestrebt als beim nat\u00fcrlichen Gehen oder beim Wandern. Dazu wird unter anderem ein aktiver Armschwung eingesetzt.<\/p>\n\n\n\n<p>Eine j\u00fcngere Variante ist das Nordic Walking, bei dem \u2013 nach dem Vorbild des Skilanglaufs \u2013 zur ausgeglicheneren Beanspruchung des K\u00f6rpers, insbesondere der Schulter- und Oberarmmuskulatur, St\u00f6cke verwendet werden.<\/p>\n\n\n\n<p>(Quelle: https:\/\/de.wikipedia.org\/wiki\/Walking)&nbsp;<\/p>\n\n\n\n<figure class=\"wp-block-table\"><table><tbody><tr><td>Termin:&nbsp;<\/td><td>Sommerzeit Samstag&nbsp;17:00 Uhr<\/td><\/tr><tr><td>&nbsp;<\/td><td>Winterzeit Samstag&nbsp;15:00 Uhr<\/td><\/tr><tr><td>&nbsp;Treffpunkt:<\/td><td>Burgenlandhalle Braunsbach<\/td><\/tr><tr><td>Kursleiterin:&nbsp;<\/td><td>Lisa Frenz<br>Tel. 07906\/8687<br>lisa.frenz@tsv-braunsbach.de<\/td><\/tr><\/tbody><\/table><\/figure>\n","protected":false},"excerpt":{"rendered":"<p>Walking (englisch f\u00fcr gehen) ist eine international wie auch im deutschen Sprachraum als Lehnwort gebr\u00e4uchliche Bezeichnung f\u00fcr die Breitensport-Variante der wettkampforientierten Sportart Gehen. Analog zum&hellip;<\/p>\n","protected":false},"author":1,"featured_media":0,"parent":0,"menu_order":0,"comment_status":"closed","ping_status":"closed","template":"","meta":{"_seopress_robots_primary_cat":"","_seopress_titles_title":"","_seopress_titles_desc":"","_seopress_robots_index":"","footnotes":""},"class_list":["post-113","page","type-page","status-publish","hentry"],"_links":{"self":[{"href":"https:\/\/tsv-braunsbach.de\/index.php?rest_route=\/wp\/v2\/pages\/113","targetHints":{"allow":["GET"]}}],"collection":[{"href":"https:\/\/tsv-braunsbach.de\/index.php?rest_route=\/wp\/v2\/pages"}],"about":[{"href":"https:\/\/tsv-braunsbach.de\/index.php?rest_route=\/wp\/v2\/types\/page"}],"author":[{"embeddable":true,"href":"https:\/\/tsv-braunsbach.de\/index.php?rest_route=\/wp\/v2\/users\/1"}],"replies":[{"embeddable":true,"href":"https:\/\/tsv-braunsbach.de\/index.php?rest_route=%2Fwp%2Fv2%2Fcomments&post=113"}],"version-history":[{"count":2,"href":"https:\/\/tsv-braunsbach.de\/index.php?rest_route=\/wp\/v2\/pages\/113\/revisions"}],"predecessor-version":[{"id":285,"href":"https:\/\/tsv-braunsbach.de\/index.php?rest_route=\/wp\/v2\/pages\/113\/revisions\/285"}],"wp:attachment":[{"href":"https:\/\/tsv-braunsbach.de\/index.php?rest_route=%2Fwp%2Fv2%2Fmedia&parent=113"}],"curies":[{"name":"wp","href":"https:\/\/api.w.org\/{rel}","templated":true}]}}